{"id":10109,"date":"2023-11-07T11:09:44","date_gmt":"2023-11-07T10:09:44","guid":{"rendered":"https:\/\/www.wuerth-phoenix.com\/?page_id=10109"},"modified":"2025-07-08T15:22:25","modified_gmt":"2025-07-08T13:22:25","slug":"compliance","status":"publish","type":"page","link":"https:\/\/www.wuerth-it.it\/de\/compliance\/","title":{"rendered":"Compliance"},"content":{"rendered":"\t\t<div data-elementor-type=\"wp-page\" data-elementor-id=\"10109\" class=\"elementor elementor-10109 elementor-10071\" data-elementor-post-type=\"page\">\n\t\t\t\t\t\t<section class=\"elementor-section elementor-top-section elementor-element elementor-element-11c47b27 intro-section elementor-section-boxed elementor-section-height-default elementor-section-height-default\" data-id=\"11c47b27\" data-element_type=\"section\" data-e-type=\"section\" data-settings=\"{&quot;background_background&quot;:&quot;classic&quot;}\">\n\t\t\t\t\t\t<div class=\"elementor-container elementor-column-gap-default\">\n\t\t\t\t\t<div class=\"elementor-column elementor-col-50 elementor-top-column elementor-element elementor-element-7f14478d\" data-id=\"7f14478d\" data-element_type=\"column\" data-e-type=\"column\">\n\t\t\t<div class=\"elementor-widget-wrap elementor-element-populated\">\n\t\t\t\t\t\t<div class=\"elementor-element elementor-element-5acb207b elementor-widget elementor-widget-heading\" data-id=\"5acb207b\" data-element_type=\"widget\" data-e-type=\"widget\" data-widget_type=\"heading.default\">\n\t\t\t\t<div class=\"elementor-widget-container\">\n\t\t\t\t\t<h1 class=\"elementor-heading-title elementor-size-default\">Compliance<\/h1>\t\t\t\t<\/div>\n\t\t\t\t<\/div>\n\t\t\t\t\t<\/div>\n\t\t<\/div>\n\t\t\t\t<div class=\"elementor-column elementor-col-50 elementor-top-column elementor-element elementor-element-6889ebd8\" data-id=\"6889ebd8\" data-element_type=\"column\" data-e-type=\"column\">\n\t\t\t<div class=\"elementor-widget-wrap\">\n\t\t\t\t\t\t\t<\/div>\n\t\t<\/div>\n\t\t\t\t\t<\/div>\n\t\t<\/section>\n\t\t\t\t<section class=\"elementor-section elementor-top-section elementor-element elementor-element-10a02e0d padding-top elementor-section-boxed elementor-section-height-default elementor-section-height-default\" data-id=\"10a02e0d\" data-element_type=\"section\" data-e-type=\"section\" id=\"privacy\">\n\t\t\t\t\t\t<div class=\"elementor-container elementor-column-gap-default\">\n\t\t\t\t\t<div class=\"elementor-column elementor-col-100 elementor-top-column elementor-element elementor-element-27d7fe2b\" data-id=\"27d7fe2b\" data-element_type=\"column\" data-e-type=\"column\">\n\t\t\t<div class=\"elementor-widget-wrap elementor-element-populated\">\n\t\t\t\t\t\t<div class=\"elementor-element elementor-element-d5392a4 elementor-widget elementor-widget-text-editor\" data-id=\"d5392a4\" data-element_type=\"widget\" data-e-type=\"widget\" data-widget_type=\"text-editor.default\">\n\t\t\t\t<div class=\"elementor-widget-container\">\n\t\t\t\t\t\t\t\t\t<h2><strong>Unsere Grundwerte<\/strong><\/h2>\n<p><span lang=\"DE\">Gegenseitiges Vertrauen, Zuverl\u00e4ssigkeit, Ehrlichkeit und Offenheit nach innen und au\u00dfen sind die tief in der Unternehmenskultur der W\u00fcrth-Gruppe verwurzelten ethischen Grunds\u00e4tze. Erstmals verankert wurde unser Bekenntnis zu diesen Werten in der Unternehmensphilosophie, die Reinhold W\u00fcrth in den 1970er Jahren verfasste.<\/span><\/p>\n<p>Zu unseren grunds\u00e4tzlichen Leitlinien geh\u00f6rt nicht nur die Einhaltung der geltenden Gesetzes- und beh\u00f6rdlichen Vorschriften, sondern auch die richtige Einstellung der Mitarbeitenden, die ein wesentlicher Bestandteil des Gesch\u00e4ftserfolgs der W\u00fcrth-Gruppe ist.<\/p>\n<p>Unser Ziel ist es, diese Einstellung, die auch die strikte Einhaltung aller geltenden nationalen und internationalen Vorschriften und Gesetze umfasst, zu f\u00f6rdern. Um diese Grunds\u00e4tze f\u00fcr unsere Mitarbeiterinnen und Mitarbeiter, aber auch f\u00fcr unsere Kunden, Lieferanten und andere Gesch\u00e4ftspartner transparenter zu machen, haben wir auf der Grundlage unserer Unternehmenswerte praktische Verhaltensregeln entwickelt und im&nbsp;<b>Compliance-Kodex der W\u00fcrth-Gruppe<\/b> zusammengefasst.<\/p>\n<p><b><span lang=\"DE\">Gruppenweites Hinweisgebersystem\u2002<\/span><\/b><\/p>\n<p class=\"MsoNormal\"><span lang=\"DE\">Unser Compliance-Kodex steht f\u00fcr die Verpflichtung, einen integren Umgang mit unseren Kunden, Lieferanten und anderen Gesch\u00e4ftspartnern zu gew\u00e4hrleisten. Studien haben gezeigt, dass Meldungen von Drittpersonen h\u00e4ufig zur Aufkl\u00e4rung von Wirtschaftsdelikten beitragen. Aus diesem Grund haben wir ein Hinweisgebersystem eingerichtet, \u00fcber das Mitarbeitende der W\u00fcrth-Gruppe oder externe Personen Straftaten und andere ma\u00dfgebliche Compliance-Verst\u00f6\u00dfe melden k\u00f6nnen. Dieses webbasierte Tool hei\u00dft BKMS-System (Business Keeper Monitoring System).<br>Die Meldung eines Vorfalls \u00fcber das BKMS-System kann namentlich oder anonym erfolgen, allerdings w\u00fcrden wir es im Sinne eines offenen Kommunikationsumfeldes begr\u00fc\u00dfen, wenn Hinweise mit Angabe des Namens \u00fcbermittelt werden. Die pers\u00f6nlichen Daten der Meldenden werden selbstverst\u00e4ndlich streng vertraulich und unter Ber\u00fccksichtigung der berechtigten Interessen aller Beteiligten behandelt.<\/span><\/p>\n<p class=\"MsoNormal\"><span lang=\"DE\">Bitte legen Sie im BKMS-System ein E-Mail-Postfach an, \u00fcber das wir Sie kontaktieren k\u00f6nnen. Das ist wichtig, falls Nachfragen aufkommen, oder Sie Ihrer Meldung zu einem sp\u00e4teren Zeitpunkt weitere Informationen hinzuf\u00fcgen m\u00f6chten. Auf Wunsch kann die Kommunikation \u00fcber die Mailbox anonym erfolgen.<\/span><\/p>\n<p class=\"MsoNormal\"><span lang=\"DE\">Das System dient ausschlie\u00dflich dazu, auf Verdachtsf\u00e4lle von Wirtschaftskriminalit\u00e4t oder schwerwiegenden Compliance-Verst\u00f6\u00dfen innerhalb der W\u00fcrth-Gruppe aufmerksam zu machen. Jeder Missbrauch dieses Systems f\u00fcr andere Zwecke kann eine Straftat darstellen.<\/span><\/p>\n<p class=\"MsoNormal\"><span lang=\"DE\"><a href=\"https:\/\/www.wuerth-it.it\/wp-content\/uploads\/2023\/11\/IT_Code_of_Compliance_2020.pdf\"><b>COMPLIANCE-KODEX DER W\u00dcRTH GRUPPE<\/b><\/a><\/span><\/p><p class=\"MsoNormal\"><br><\/p><p class=\"MsoNormal\"><span lang=\"DE\"><a href=\"https:\/\/www.bkms-system.net\/bkwebanon\/report\/clientInfo?cin=07WUE13&amp;c=-1&amp;language=eng\">\u00dcbermitteln Sie Ihre Meldung \u00fcber dieses Portal:<\/a>&nbsp;<a href=\"https:\/\/www.bkms-system.net\/bkwebanon\/report\/clientInfo?cin=07WUE13&amp;c=-1&amp;language=eng\">www.bkms-system.net\/wuerth<\/a><\/span><\/p>\n<p><\/p>\n<p class=\"MsoNormal\"><span lang=\"DE\">Vielen Dank f\u00fcr Ihre Unterst\u00fctzung!<\/span><\/p>\t\t\t\t\t\t\t\t<\/div>\n\t\t\t\t<\/div>\n\t\t\t\t\t<\/div>\n\t\t<\/div>\n\t\t\t\t\t<\/div>\n\t\t<\/section>\n\t\t\t\t<\/div>\n\t\t","protected":false},"excerpt":{"rendered":"<p>Unsere Grundwerte Gegenseitiges Vertrauen, Zuverl\u00e4ssigkeit, Ehrlichkeit und Offenheit nach innen und au\u00dfen sind die tief in der Unternehmenskultur der W\u00fcrth-Gruppe verwurzelten ethischen Grunds\u00e4tze. Erstmals verankert wurde unser Bekenntnis zu diesen Werten in der Unternehmensphilosophie, die Reinhold W\u00fcrth in den 1970er Jahren verfasste. Zu unseren grunds\u00e4tzlichen Leitlinien geh\u00f6rt nicht nur die Einhaltung der geltenden Gesetzes- und [&hellip;]<\/p>\n","protected":false},"author":5,"featured_media":0,"parent":0,"menu_order":0,"comment_status":"closed","ping_status":"closed","template":"","meta":{"footnotes":""},"class_list":["post-10109","page","type-page","status-publish","hentry"],"acf":[],"_links":{"self":[{"href":"https:\/\/www.wuerth-it.it\/de\/wp-json\/wp\/v2\/pages\/10109","targetHints":{"allow":["GET"]}}],"collection":[{"href":"https:\/\/www.wuerth-it.it\/de\/wp-json\/wp\/v2\/pages"}],"about":[{"href":"https:\/\/www.wuerth-it.it\/de\/wp-json\/wp\/v2\/types\/page"}],"author":[{"embeddable":true,"href":"https:\/\/www.wuerth-it.it\/de\/wp-json\/wp\/v2\/users\/5"}],"replies":[{"embeddable":true,"href":"https:\/\/www.wuerth-it.it\/de\/wp-json\/wp\/v2\/comments?post=10109"}],"version-history":[{"count":10,"href":"https:\/\/www.wuerth-it.it\/de\/wp-json\/wp\/v2\/pages\/10109\/revisions"}],"predecessor-version":[{"id":24173,"href":"https:\/\/www.wuerth-it.it\/de\/wp-json\/wp\/v2\/pages\/10109\/revisions\/24173"}],"wp:attachment":[{"href":"https:\/\/www.wuerth-it.it\/de\/wp-json\/wp\/v2\/media?parent=10109"}],"curies":[{"name":"wp","href":"https:\/\/api.w.org\/{rel}","templated":true}]}}