{"id":10145,"date":"2023-07-17T15:20:35","date_gmt":"2023-07-17T13:20:35","guid":{"rendered":"https:\/\/www.wuerth-phoenix.com\/?page_id=10145"},"modified":"2025-10-29T16:38:43","modified_gmt":"2025-10-29T15:38:43","slug":"privacy-policy","status":"publish","type":"page","link":"https:\/\/www.wuerth-it.it\/de\/privacy-policy\/","title":{"rendered":"Privacy Policy"},"content":{"rendered":"\t\t<div data-elementor-type=\"wp-page\" data-elementor-id=\"10145\" class=\"elementor elementor-10145 elementor-2347\" data-elementor-post-type=\"page\">\n\t\t\t\t\t\t<section class=\"elementor-section elementor-top-section elementor-element elementor-element-11c47b27 intro-section elementor-section-boxed elementor-section-height-default elementor-section-height-default\" data-id=\"11c47b27\" data-element_type=\"section\" data-e-type=\"section\" data-settings=\"{&quot;background_background&quot;:&quot;classic&quot;}\">\n\t\t\t\t\t\t<div class=\"elementor-container elementor-column-gap-default\">\n\t\t\t\t\t<div class=\"elementor-column elementor-col-50 elementor-top-column elementor-element elementor-element-7f14478d\" data-id=\"7f14478d\" data-element_type=\"column\" data-e-type=\"column\">\n\t\t\t<div class=\"elementor-widget-wrap elementor-element-populated\">\n\t\t\t\t\t\t<div class=\"elementor-element elementor-element-5acb207b elementor-widget elementor-widget-heading\" data-id=\"5acb207b\" data-element_type=\"widget\" data-e-type=\"widget\" data-widget_type=\"heading.default\">\n\t\t\t\t<div class=\"elementor-widget-container\">\n\t\t\t\t\t<h1 class=\"elementor-heading-title elementor-size-default\">Privacy Policy<\/h1>\t\t\t\t<\/div>\n\t\t\t\t<\/div>\n\t\t\t\t\t<\/div>\n\t\t<\/div>\n\t\t\t\t<div class=\"elementor-column elementor-col-50 elementor-top-column elementor-element elementor-element-6889ebd8\" data-id=\"6889ebd8\" data-element_type=\"column\" data-e-type=\"column\">\n\t\t\t<div class=\"elementor-widget-wrap\">\n\t\t\t\t\t\t\t<\/div>\n\t\t<\/div>\n\t\t\t\t\t<\/div>\n\t\t<\/section>\n\t\t\t\t<section class=\"elementor-section elementor-top-section elementor-element elementor-element-10a02e0d padding-top elementor-section-boxed elementor-section-height-default elementor-section-height-default\" data-id=\"10a02e0d\" data-element_type=\"section\" data-e-type=\"section\" id=\"privacy\">\n\t\t\t\t\t\t<div class=\"elementor-container elementor-column-gap-default\">\n\t\t\t\t\t<div class=\"elementor-column elementor-col-100 elementor-top-column elementor-element elementor-element-27d7fe2b\" data-id=\"27d7fe2b\" data-element_type=\"column\" data-e-type=\"column\">\n\t\t\t<div class=\"elementor-widget-wrap elementor-element-populated\">\n\t\t\t\t\t\t<div class=\"elementor-element elementor-element-d5392a4 elementor-widget elementor-widget-text-editor\" data-id=\"d5392a4\" data-element_type=\"widget\" data-e-type=\"widget\" data-widget_type=\"text-editor.default\">\n\t\t\t\t<div class=\"elementor-widget-container\">\n\t\t\t\t\t\t\t\t\t<h2><strong>Datenschutzbestimmungen gem\u00e4\u00df Art. 13 der Verordnung (EU) 2016\/679 (DSGVO)<\/strong><\/h2><p>Wir setzen Sie hiermit dar\u00fcber in Kenntnis, dass personenbezogene Daten, die von W\u00dcRTH IT ITALY S.R.L.. als \u201eVerantwortlichem\u201c, bei betroffenen Person oder mittels Dritter, z.\u00a0B. \u00f6ffentlichen Datenbanken, Unternehmensregistern, Internet und anderen Unternehmen erhoben werden und zu erheben sind, im Einklang mit den gesetzlichen Vorgaben und unter Wahrung der Ihnen \u2013 nachfolgend die \u201ebetroffene Person\u201c \u2013 zustehenden Rechten verarbeitet werden. Falls es sich bei Ihnen um eine nat\u00fcrliche Person oder einen Einmannbetrieb handelt, beziehen sich die personenbezogenen Daten direkt auf Ihre Organisation. Handelt es sich um eine Kapitalgesellschaft bzw. \u00f6ffentliche oder private Einrichtung, k\u00f6nnen sich die entsprechenden Informationen auf nat\u00fcrliche Personen beziehen, die Ihre Organisation vertreten, ihr angeh\u00f6ren oder in irgendeiner Art und Weise mit ihr verbunden sind.<\/p><ol><li><strong>A) Art und Weise der Verarbeitung<\/strong><\/li><\/ol><p>Die Verarbeitung kann folgende Vorg\u00e4nge beinhalten: Erhebung von Daten (telefonisch, telematisch, schriftlich, aus \u00f6ffentlichen Registern, aus Listen von Rechtsakten und Dokumenten bzw. \u00f6ffentlichen oder privaten Datenbanken (Wirtschaftsinformationsunternehmen), von Homepages \u00f6ffentlicher bzw. privater Einrichtungen oder bei anderen Kunden oder Lieferanten), Erfassung, Organisation, Speicherung und Verarbeitung in Papierform, auf Magnetdatentr\u00e4gern, automatisierten oder telematischen Datentr\u00e4gern, Verarbeitung von Daten, die von Dritten erhoben wurden, Ver\u00e4nderung, Auswahl, Auslesen, Abgleich, Verwendung, Verkn\u00fcpfung auch mit Daten anderer Personen aufgrund qualitativer, quantitativer und zeitlicher Kriterien, die von Fall zu Fall in Anspruch genommen oder definiert werden, tempor\u00e4re Verarbeitung zum Zweck einer schnellen Aggregation oder Transformation der Daten, Treffen von Entscheidungen nach freiem Ermessen (nie vollst\u00e4ndig automatisiert), Erstellung von Profilen und Informationsschreiben, Mitteilung, L\u00f6schung und Vernichtung von Daten oder die Kombination aus mindestens zwei der vorstehend genannten Vorg\u00e4nge.<\/p><p>Au\u00dferdem hat der Verantwortliche mindestens einen externen Auftragsverarbeiter oder internen Verarbeitungsbeauftragten ernannt. Die firmeninternen Bevollm\u00e4chtigten aus den Abteilungen Einkauf, Verwaltung, IT, Marketing, Vertrieb etc. geh\u00f6ren zu den funktionsrelevanten Unternehmensbereichen und m\u00fcssen die Daten zu den in dieser Datenschutzbestimmung genannten Zwecken verarbeiten.<\/p><p>Die Verarbeitung wird durch ad\u00e4quate technische und organisatorische Schutzma\u00dfnahmen \u00fcberwacht, darunter elektronische Archive, die durch Authentifizierungszertifikate gesch\u00fctzt sind, regelm\u00e4\u00dfig aktualisierte Zugangsrechte, die ausschlie\u00dflich f\u00fcr befugte Profile gelten, Firewall, Virusschutz, Spamschutz, Backup-System und Datenwiederherstellung nach etwaigen Zwischenf\u00e4llen sowie Instandhaltungsleistungen.<\/p><ol><li><strong>B) Zweck der Verarbeitung<\/strong><\/li><\/ol><p>Zweck der Verarbeitung ist:<\/p><ol><li>die Erf\u00fcllung vorvertraglicher Anforderungen (z. B. Informationen zu unseren Angeboten und Ihren Auftr\u00e4gen, Bonit\u00e4tspr\u00fcfung);<\/li><li>die Erf\u00fcllung der vertraglichen Verpflichtungen (z. B. Lieferung von Waren bzw. Dienstleistungen, inkl. der damit verbundenen \u00dcbergabe-, Logistik- und Transportaufgaben) sowie der gesetzlichen Verpflichtungen (z.\u00a0B. Buchhaltung, steuerliche Formalit\u00e4ten, Verwaltung und Rechnungsf\u00fchrung etc.);<\/li><li>die Verwaltung von Kunden und Lieferanten, die in Ziffer 1) oder 2) nicht aufgef\u00fchrte Aspekte betreffen (interne Organisation von T\u00e4tigkeiten, die mit der aktiven und passiven Lieferung von Produkten bzw. Dienstleistungen einhergehen, darunter Kreditmanagement und Risikokontrolle (Betrug, Insolvenzen etc.), Umgang mit Streitigkeiten und Abtretung von Krediten; Management von Finanz- und Versicherungsleistungen, die f\u00fcr die Verwaltung von Lieferanten grundlegend sind und Verwaltung elektronischer Zahlungsmittel; Produktionsmanagement, Verwaltung von Telefonverzeichnissen, statistische Aufbereitung);<\/li><li>Direktmarketing \u2013 dieser Zweck betrifft ausschlie\u00dflich unsere Kunden \u2013, also die \u00dcbermittlung von Gesch\u00e4ftsinformationen und Werbung bzw. Direktangeboten f\u00fcr Waren und Dienstleistungen per Mail, Fax, SMS, telefonisch oder \u00fcber soziale Netzwerke bzw. von Marktuntersuchungen.<\/li><li><strong>C) Rechtsgrundlage f\u00fcr die Verarbeitung<\/strong><\/li><\/ol><p>Die Rechtsgrundlage f\u00fcr die Verarbeitung besteht darin, dass sie notwendig ist, i) f\u00fcr die Erf\u00fcllung eines Vertrages, in dem Sie Vertragspartei sind oder zur Durchf\u00fchrung vorvertraglicher Ma\u00dfnahmen, die sich aus Ihrer Anfrage ergibt (z.\u00a0B. Anforderung von Informationen oder Angeboten) oder ii) um einer gesetzlichen Verpflichtung nachzukommen, die W\u00dcRTH IT ITALY S.R.L.. obliegt. Es ist jedenfalls das berechtigte Interesse unseres Unternehmens, durch die Verarbeitung der Daten das Verh\u00e4ltnis zu unseren Kunden bzw. Lieferanten effizient und zweckdienlich zu verwalten und die zugeh\u00f6rigen internen und externen organisatorischen Prozesse zu managen (z.\u00a0B. Verwaltung der Beziehungen zu etwaigen eigenen Zulieferern, die grundlegend sind, um der Anfrage der betroffenen Person nachzukommen).<\/p><p>Ausschlie\u00dflich bei der Datenverarbeitung zu Zwecken des Direktmarketings bedarf es Ihrer ausdr\u00fccklichen Zustimmung.<\/p><ol><li><strong>D) \u00dcbermittlung der Daten<\/strong><\/li><\/ol><p>Vorbehaltlich der Mitteilung von Daten an Dritte aufgrund von gesetzlichen Auflagen, Verpflichtungen anderer Art, die sich aus Verordnungen und\/oder anderen EU-Bestimmungen ergeben bzw. auf Anfragen von Gerichten oder anderen Dritten basieren, die aufgrund der erw\u00e4hnten Vorschriften ein anerkanntes Recht darauf haben, k\u00f6nnen die Daten folgenden Kategorien von Drittempf\u00e4ngern mitgeteilt werden:<\/p><ol><li>Banken und Kreditinstituten zum Zweck der Zahlungsabwicklung;<\/li><li>Versicherungsgesellschaften;<\/li><li>Inkassounternehmen, Factoring-Firmen, Leasinggesellschaften, Versicherungs- und Kredit\u00fcbernahmegesellschaften, Kreditgenossenschaften (ausschlie\u00dflich zum Zweck der Kreditsicherung und besseren Wahrung unserer Rechte in der jeweiligen Gesch\u00e4ftsbeziehung);<\/li><li>Wirtschaftsinformationsunternehmen;<\/li><li>Beratern;<\/li><li>Fachleuten und Fachb\u00fcros (Anw\u00e4lte, Wirtschaftspr\u00fcfer, Aufsichtsr\u00e4te, Mitglieder von Aufsichtsgremien gem\u00e4\u00df Gesetzesdekret 231\/2001 etc.);<\/li><li>Rechnungspr\u00fcfern;<\/li><li>Mitgliedern von Aufsichtsgremien gem\u00e4\u00df Gesetzesdekret 231\/2001 (sofern vorhanden);<\/li><li>Personen, die Instandhaltungsleistungen oder EDV-Support f\u00fcr unsere Datenbanksysteme oder IT-Dienste liefern;<\/li><li>Speditionen, Transportunternehmen und Kurierdiensten;<\/li><li>sonstigen Lieferanten oder Zulieferern (wenn es um Daten von Kunden oder Lieferanten geht) oder Kunden (wenn es um Daten von Lieferanten oder Zulieferern geht);<\/li><li>anderen Unternehmen, Einrichtungen bzw. nat\u00fcrlichen Personen, die funktionsrelevante T\u00e4tigkeiten, Supportt\u00e4tigkeiten oder solche T\u00e4tigkeiten aus\u00fcben, die f\u00fcr die Durchf\u00fchrung des mit Ihnen geschlossenen Vertrages oder der von Ihnen angefragten Dienstleistungen grundlegend sind (z. B. Kuvertier- und Postsortierfirmen);<\/li><li>anderen Unternehmen der W\u00dcRTH-Gruppe;<\/li><li>\u00f6ffentlichen K\u00f6rperschaften.<\/li><\/ol><p>Der Verantwortliche hat alle Kategorien von Drittempf\u00e4ngern, denen er die Daten \u00fcbermittelt, zu externen Auftragsverarbeitern ernannt, es sei denn, diese werden selbst zu unabh\u00e4ngigen Verantwortlichen im Sinne der geltenden Gesetzgebung.<\/p><ol><li><strong>E) \u00dcbermittlung von Daten ins Ausland<\/strong><\/li><\/ol><p>Sofern dies von den angebotenen Diensten im Voraus angek\u00fcndigt wurde, k\u00f6nnte sich der Verantwortliche der Cloud-Dienste \u201eMicrosoft Azure\u201c bedienen. Dies w\u00fcrde die \u00dcbermittlung der Daten ins Ausland bedeuten.<\/p><p>Im Hinblick auf eine derartige\/derartige \u00dcbermittlung\/en informiert der Verantwortliche wie folgt:<\/p><p>Der Cloud-L\u00f6sung \u201eMicrosoft Azure\u201c liegt ein Angemessenheitsbeschluss der Artikel-29-Datenschutzgruppe zugrunde, der die Gleichwertigkeit mit den von der EU-Kommission gebilligten Sicherheitsstandards best\u00e4tigt.<\/p><ol><li><strong>F) Obligatorische und fakultative Zustimmung und Folgen nicht erteilter Vollmacht<\/strong><\/li><\/ol><p>F\u00fcr die unmittelbare Datenverarbeitung zu den unter Buchstabe B) Ziffer 1 bis 3 aufgef\u00fchrten Zwecken, ist Ihre Zustimmung nicht erforderlich. F\u00fcr die Datenverarbeitung zu den unter Buchstabe B) Ziffer 4 benannten Zwecke (Direktmarketing), kann die betroffene Person ihre Zustimmung uneingeschr\u00e4nkt verweigern. Eine nicht erteilte Einwilligung macht es allerdings wegen der eingeschr\u00e4nkten Zwecke unm\u00f6glich, die Daten zu verarbeiten. Eine uns gegebene Einwilligung k\u00f6nnen Sie sp\u00e4ter jederzeit durch eine formlose Mitteilung an unser Unternehmen widerrufen, indem Sie eine E-Mail an die unten aufgef\u00fchrte Adresse senden.<\/p><ol><li><strong>G) Dauer der Datenspeicherung<\/strong><\/li><\/ol><p>Normalerweise werden die Daten \u00fcber die gesamte Dauer des mit der betroffenen Person geschlossenen Vertrages verarbeitet und anschlie\u00dfend lediglich so lange aufbewahrt, wie es unsere gesetzlichen Vorgaben erfordern (10 Jahre). In dem Ma\u00dfe, wie die personenbezogenen Daten zum Zweck der EDV-Sicherheit verarbeitet werden (z.\u00a0B. Log-Registrierungen f\u00fcr Transaktionen oder online vorgenommene Entscheidungen auf unserer Website) werden sie so lange gespeichert, wie dies erforderlich ist, damit die entsprechenden Sicherheitskontrollen durchgef\u00fchrt und deren Ergebnisse dokumentiert werden k\u00f6nnen (in der Regel ein Jahr nach Erhebung). Sollte es zu Streitigkeiten mit der betroffenen Person bzw. Dritten kommen, werden die Daten \u00fcber den unbedingt notwendigen Zeitraum verarbeitet, damit die Aus\u00fcbung der Rechte von W\u00dcRTH IT ITALY S.R.L.. vollst\u00e4ndig gewahrt wird.<\/p><ol><li><strong>H) Der Verantwortliche<\/strong><\/li><\/ol><p>Verantwortlicher f\u00fcr die Datenverarbeitung Ihrer personenbezogenen Daten ist W\u00dcRTH IT ITALY S.R.L.. mit Firmensitz in Italien, 39100 BOLZANO (BZ), E-Mail\u00a0<a href=\"mailto:privacy@wuerth-phoenix.com\">privacy@wuerth-it.com<\/a><\/p><ol><li><strong>I) Rechte<\/strong><\/li><\/ol><p>Im Hinblick auf die Verarbeitung personenbezogener Daten k\u00f6nnen Sie die nachfolgend aufgef\u00fchrten Rechte wahrnehmen, indem Sie unserem Unternehmen eine formlose E-Mail an die oben genannte Adresse schicken:<\/p><ol><li>Recht auf Auskunft, ob bei uns im Unternehmen aktuell entsprechende personenbezogene Daten verarbeitet werden und sollte dies der Fall sein, haben Sie ein Recht auf Auskunft \u00fcber diese personenbezogenen Daten und auf folgende Informationen:<ol><li>Zweck der Verarbeitung;<\/li><li>Kategorien personenbezogener Daten, die verarbeitet werden;<\/li><li>Empf\u00e4nger oder Kategorien von Empf\u00e4ngern, gegen\u00fcber denen die personenbezogenen Daten offengelegt worden sind oder noch offengelegt werden, insbesondere bei Empf\u00e4ngern in Drittl\u00e4ndern oder bei internationalen Organisationen;<\/li><li>falls m\u00f6glich zur geplanten Dauer, f\u00fcr die die personenbezogenen Daten gespeichert werden, oder, falls dies nicht m\u00f6glich ist, zu den Kriterien f\u00fcr die Festlegung dieser Dauer;<\/li><li>das Bestehen eines Rechts der betroffenen Person auf Berichtigung oder L\u00f6schung der betreffenden personenbezogenen Daten oder auf Einschr\u00e4nkung der Verarbeitung durch unser Unternehmen oder ein Widerspruchsrecht gegen diese Verarbeitung;<\/li><li>das Bestehen eines Beschwerderechts bei einer Aufsichtsbeh\u00f6rde; wenn die personenbezogenen Daten nicht bei der betroffenen Person erhoben werden, alle verf\u00fcgbaren Informationen \u00fcber die Herkunft der Daten;<\/li><li>das Bestehen einer automatisierten Entscheidungsfindung einschlie\u00dflich Profiling und \u2013 zumindest in diesen F\u00e4llen \u2013 aussagekr\u00e4ftige Informationen \u00fcber die involvierte Logik sowie die Tragweite und die angestrebten Auswirkungen einer derartigen Verarbeitung f\u00fcr die betroffene Person.<\/li><\/ol><\/li><li>Werden personenbezogene Daten an ein Drittland oder an eine internationale Organisation \u00fcbermittelt, so hat die betroffene Person das Recht, \u00fcber die geeigneten Garantien mit der \u00dcbermittlung unterrichtet zu werden (Anmerkung: Wie in diesen Datenschutzbestimmungen ausgef\u00fchrt, \u00fcbermittelt unser Unternehmen gegenw\u00e4rtig keine Daten betroffener Personen ins Ausland).<\/li><li>das Recht, unverz\u00fcglich die Berichtigung sie betreffender unrichtiger personenbezogener Daten und unter Ber\u00fccksichtigung der Zwecke der Verarbeitung, die Vervollst\u00e4ndigung unvollst\u00e4ndiger personenbezogener Daten \u2013 auch mittels einer erg\u00e4nzenden Erkl\u00e4rung \u2013 zu verlangen;<\/li><li>Recht, die L\u00f6schung der Daten zu verlangen, wenn einer der folgenden Gr\u00fcnde vorliegt:<ol><li>die personenbezogenen Daten sind f\u00fcr die Zwecke, f\u00fcr die sie erhoben oder auf sonstige Weise verarbeitet wurden, nicht mehr notwendig;<\/li><li>die betroffene Person widerruft ihre Einwilligung, auf die sich die Verarbeitung st\u00fctzte, und es fehlt an einer anderweitigen Rechtsgrundlage f\u00fcr die Verarbeitung;<\/li><li>die betroffene Person legt Widerspruch gegen die Verarbeitung ein, und es liegen keine vorrangigen berechtigten Gr\u00fcnde f\u00fcr die Verarbeitung vor, oder die betroffene Person legt Widerspruch gegen die Verarbeitung zu Zwecken des Direktmarketings ein (dies beinhaltet auch das funktionale Profiling f\u00fcr dieses Direktmarketing);<\/li><li>die personenbezogenen Daten wurden unrechtm\u00e4\u00dfig verarbeitet;<\/li><li>die L\u00f6schung der personenbezogenen Daten ist zur Erf\u00fcllung einer rechtlichen Verpflichtung nach dem Unionsrecht oder dem Recht der Mitgliedstaaten erforderlich, dem unser Unternehmen unterliegt;<\/li><li>die personenbezogenen Daten wurden in Bezug auf angebotene Dienste der Informationsgesellschaft aus der Datenbank unseres Unternehmens erhoben;<\/li><\/ol><\/li><li>Die Einschr\u00e4nkung der Sie betreffenden Verarbeitung zu verlangen, wenn eine der folgenden Voraussetzungen gegeben ist:<ol><li>die Richtigkeit der personenbezogenen Daten von der betroffenen Person bestritten wird; in diesem Fall kann die Einschr\u00e4nkung der Verarbeitung (also deren Aussetzung) f\u00fcr eine Dauer erfolgen, die es unserem Unternehmen erm\u00f6glicht, die Richtigkeit der personenbezogenen Daten zu \u00fcberpr\u00fcfen;<\/li><li>die Verarbeitung unrechtm\u00e4\u00dfig ist (z.\u00a0B. wenn die betroffene Person nicht die gesetzlich vorgesehenen Datenschutzbestimmungen erhalten hat) und die betroffene Person die L\u00f6schung der personenbezogenen Daten ablehnt (wenn sie es vorzieht, dass diese von uns in Papierform in unseren Akten bzw. EDV-Archiven aufbewahrt werden) und stattdessen die Einschr\u00e4nkung der Nutzung der personenbezogenen Daten verlangt;<\/li><li>unser Unternehmen die personenbezogenen Daten f\u00fcr die Zwecke der Verarbeitung nicht l\u00e4nger ben\u00f6tigt, die betroffene Person sie jedoch zur Geltendmachung, Aus\u00fcbung oder Verteidigung von Rechtsanspr\u00fcchen ben\u00f6tigt;<\/li><li>die betroffene Person Widerspruch gegen die Verarbeitung zum Zweck des Direktmarketings eingelegt hat, solange noch nicht feststeht, ob die berechtigten Gr\u00fcnde unseres Unternehmens gegen\u00fcber denen der betroffenen Person \u00fcberwiegen;<\/li><\/ol><\/li><li>Von unserem Unternehmen auf Anfrage Informationen zu den Drittempf\u00e4ngern erhalten, an die die personenbezogenen Daten \u00fcbermittelt werden;<\/li><li>Jederzeit die Einwilligung zur Datenverarbeitung zu widerrufen, die zuvor f\u00fcr einen oder mehr spezielle Zwecke f\u00fcr die eigenen personenbezogenen Daten erteilt wurde, wodurch allerdings die Rechtm\u00e4\u00dfigkeit der Verarbeitung, die auf der vor dem Widerruf erteilten Zustimmung basierte, nicht beeintr\u00e4chtigt wird;<\/li><li>Die sie betreffenden personenbezogenen Daten, die sie unserem Unternehmen bereitgestellt hat, in einem strukturierten, g\u00e4ngigen und maschinenlesbaren Format zu erhalten, und, sofern dies technisch machbar ist, hat sie das Recht, diese Daten einem anderen Verantwortlichen ohne Behinderung durch uns zu \u00fcbermitteln, sofern (kumulative Voraussetzungen):<ol><li>die Verarbeitung auf einer Einwilligung der betroffenen Person f\u00fcr spezielle Zweck oder auf einem Vertrag beruht, in dem die betroffene Person Vertragspartei ist und zu dessen Durchf\u00fchrung es der Verarbeitung bedarf und<\/li><li>die Verarbeitung mithilfe automatisierter Verfahren (Software) erfolgt (Gesamtrecht der sogenannten \u201eDaten\u00fcbertragbarkeit\u201c).<\/li><\/ol><\/li><\/ol><p>Von der Aus\u00fcbung des Rechts der sogenannten Daten\u00fcbertragbarkeit bleibt das Recht auf die vorstehend erw\u00e4hnte Datenl\u00f6schung unber\u00fchrt;<\/p><ol><li>nicht einer ausschlie\u00dflich auf einer automatisierten Verarbeitung \u2013 einschlie\u00dflich Profiling \u2013 beruhenden Entscheidung unterworfen zu werden, die ihr gegen\u00fcber rechtliche Wirkung entfaltet oder sie in \u00e4hnlicher Weise erheblich beeintr\u00e4chtigt. Zur Klarstellung wird hiermit konkretisiert, dass wir keine automatisierten Verarbeitungsprozesse vorstehend erw\u00e4hnten Typs durchf\u00fchren.<\/li><li>Recht auf Beschwerde bei einer zust\u00e4ndigen Aufsichtsbeh\u00f6rde basierend auf der DSGVO (Datenschutzbeh\u00f6rde) oder bei einem ordentlichen Gericht.<\/li><\/ol><p>\u00a0<\/p><p>W\u00dcRTH IT ITALY S.R.L..<\/p><p>\u00a0<\/p><p>F\u00fcr weitere Informationen oder Erl\u00e4uterungen wenden Sie sich bitte an:\u00a0<a href=\"mailto:privacy@wuerth-phoenix.com\">privacy@wuerth-it.com<\/a><\/p><p>\u00a0<\/p><p>\u00a0<\/p>\t\t\t\t\t\t\t\t<\/div>\n\t\t\t\t<\/div>\n\t\t\t\t\t<\/div>\n\t\t<\/div>\n\t\t\t\t\t<\/div>\n\t\t<\/section>\n\t\t\t\t<\/div>\n\t\t","protected":false},"excerpt":{"rendered":"<p>Datenschutzbestimmungen gem\u00e4\u00df Art. 13 der Verordnung (EU) 2016\/679 (DSGVO) Wir setzen Sie hiermit dar\u00fcber in Kenntnis, dass personenbezogene Daten, die von W\u00dcRTH IT ITALY S.R.L.. als \u201eVerantwortlichem\u201c, bei betroffenen Person oder mittels Dritter, z.\u00a0B. \u00f6ffentlichen Datenbanken, Unternehmensregistern, Internet und anderen Unternehmen erhoben werden und zu erheben sind, im Einklang mit den gesetzlichen Vorgaben und unter [&hellip;]<\/p>\n","protected":false},"author":5,"featured_media":0,"parent":0,"menu_order":0,"comment_status":"closed","ping_status":"closed","template":"","meta":{"footnotes":""},"class_list":["post-10145","page","type-page","status-publish","hentry"],"acf":[],"_links":{"self":[{"href":"https:\/\/www.wuerth-it.it\/de\/wp-json\/wp\/v2\/pages\/10145","targetHints":{"allow":["GET"]}}],"collection":[{"href":"https:\/\/www.wuerth-it.it\/de\/wp-json\/wp\/v2\/pages"}],"about":[{"href":"https:\/\/www.wuerth-it.it\/de\/wp-json\/wp\/v2\/types\/page"}],"author":[{"embeddable":true,"href":"https:\/\/www.wuerth-it.it\/de\/wp-json\/wp\/v2\/users\/5"}],"replies":[{"embeddable":true,"href":"https:\/\/www.wuerth-it.it\/de\/wp-json\/wp\/v2\/comments?post=10145"}],"version-history":[{"count":3,"href":"https:\/\/www.wuerth-it.it\/de\/wp-json\/wp\/v2\/pages\/10145\/revisions"}],"predecessor-version":[{"id":25704,"href":"https:\/\/www.wuerth-it.it\/de\/wp-json\/wp\/v2\/pages\/10145\/revisions\/25704"}],"wp:attachment":[{"href":"https:\/\/www.wuerth-it.it\/de\/wp-json\/wp\/v2\/media?parent=10145"}],"curies":[{"name":"wp","href":"https:\/\/api.w.org\/{rel}","templated":true}]}}