{"id":24182,"date":"2025-07-08T16:47:38","date_gmt":"2025-07-08T14:47:38","guid":{"rendered":"https:\/\/www.wuerth-phoenix.com\/?page_id=24182"},"modified":"2026-02-24T15:49:34","modified_gmt":"2026-02-24T14:49:34","slug":"qualitatsicherungsplan","status":"publish","type":"page","link":"https:\/\/www.wuerth-it.it\/de\/qualitatsicherungsplan\/","title":{"rendered":"Qualit\u00e4tsicherungsplan"},"content":{"rendered":"\t\t<div data-elementor-type=\"wp-page\" data-elementor-id=\"24182\" class=\"elementor elementor-24182 elementor-24180\" data-elementor-post-type=\"page\">\n\t\t\t\t\t\t<section class=\"elementor-section elementor-top-section elementor-element elementor-element-11c47b27 intro-section elementor-section-boxed elementor-section-height-default elementor-section-height-default\" data-id=\"11c47b27\" data-element_type=\"section\" data-e-type=\"section\" data-settings=\"{&quot;background_background&quot;:&quot;classic&quot;}\">\n\t\t\t\t\t\t<div class=\"elementor-container elementor-column-gap-default\">\n\t\t\t\t\t<div class=\"elementor-column elementor-col-50 elementor-top-column elementor-element elementor-element-7f14478d\" data-id=\"7f14478d\" data-element_type=\"column\" data-e-type=\"column\">\n\t\t\t<div class=\"elementor-widget-wrap elementor-element-populated\">\n\t\t\t\t\t\t<div class=\"elementor-element elementor-element-5acb207b elementor-widget elementor-widget-heading\" data-id=\"5acb207b\" data-element_type=\"widget\" data-e-type=\"widget\" data-widget_type=\"heading.default\">\n\t\t\t\t<div class=\"elementor-widget-container\">\n\t\t\t\t\t<h1 class=\"elementor-heading-title elementor-size-default\">Qualit\u00e4tsicherungsplan<\/h1>\t\t\t\t<\/div>\n\t\t\t\t<\/div>\n\t\t\t\t\t<\/div>\n\t\t<\/div>\n\t\t\t\t<div class=\"elementor-column elementor-col-50 elementor-top-column elementor-element elementor-element-6889ebd8\" data-id=\"6889ebd8\" data-element_type=\"column\" data-e-type=\"column\">\n\t\t\t<div class=\"elementor-widget-wrap\">\n\t\t\t\t\t\t\t<\/div>\n\t\t<\/div>\n\t\t\t\t\t<\/div>\n\t\t<\/section>\n\t\t\t\t<section class=\"elementor-section elementor-top-section elementor-element elementor-element-10a02e0d padding-top elementor-section-boxed elementor-section-height-default elementor-section-height-default\" data-id=\"10a02e0d\" data-element_type=\"section\" data-e-type=\"section\" id=\"privacy\">\n\t\t\t\t\t\t<div class=\"elementor-container elementor-column-gap-default\">\n\t\t\t\t\t<div class=\"elementor-column elementor-col-100 elementor-top-column elementor-element elementor-element-27d7fe2b\" data-id=\"27d7fe2b\" data-element_type=\"column\" data-e-type=\"column\">\n\t\t\t<div class=\"elementor-widget-wrap elementor-element-populated\">\n\t\t\t\t\t\t<div class=\"elementor-element elementor-element-d5392a4 elementor-widget elementor-widget-text-editor\" data-id=\"d5392a4\" data-element_type=\"widget\" data-e-type=\"widget\" data-widget_type=\"text-editor.default\">\n\t\t\t\t<div class=\"elementor-widget-container\">\n\t\t\t\t\t\t\t\t\t<p><strong>NORMATIVE VERWEISUNGEN<\/strong><\/p>\n<p>Das vorliegende Dokument wurde in \u00dcbereinstimmung mit den folgenden Vorschriften erstellt:<\/p>\n<ul>\n<li>\n<p>ISO 9001:2015<\/p>\n<\/li>\n<li>\n<p>Handbuch f\u00fcr Qualit\u00e4tsmanagement und Informationssicherheit<\/p>\n<\/li>\n<\/ul>\n<p><strong>ANWENDUNGSGEBIET<\/strong><\/p>\n<p>Der Qualit\u00e4tssicherungsplan ist ein Leitfaden f\u00fcr die kontinuierliche Verbesserung der unternehmensin\u00adternen Prozesse. Die gesetzten Ziele k\u00f6nnen nur durch das beharrliche Engagement und die Unterst\u00fctzung der gesamten Belegschaft erreicht werden. Hierin liegt der eigentliche Schl\u00fcssel zum Erfolg, um heute und in Zukunft den hohen Qualit\u00e4tsstandards konstant gew\u00e4hrleisten zu k\u00f6nnen.<\/p>\n<p>W\u00fcrth IT Italy hat sich daher der Umsetzung der hier nachstehend genannten Grunds\u00e4tze verpflichtet.<\/p>\n<ul>\n<li>\n<p>Kundenzufriedenheit: Durch Zusammenarbeit und Dialog alle, auch die nicht unmittelbar offensichtlichen Erwartungen unserer Kunden zu verstehen und zu erf\u00fcllen.<\/p>\n<\/li>\n<li>\n<p>F\u00fchrungsverantwortung: F\u00fchrungskr\u00e4fte sind zu jedem Zeitpunkt daran beteiligt, Qualit\u00e4t zu f\u00f6rdern.<\/p>\n<\/li>\n<li>\n<p>Einbeziehung der Mitarbeitenden: Alle Mitarbeiterinnen und Mitarbeiter tragen aktiv zu einem effizienten und effektiven Qualit\u00e4tssystem bei.<\/p>\n<\/li>\n<li>\n<p>Kontinuierliche Verbesserung: Optimierung der Prozesse und Ergebnisse, Festlegung der allgemeinen mittel- und langfristigen Ziele.<\/p>\n<\/li>\n<li>\n<p>Beziehungsmanagement: Im Hinblick auf eine durch Transparenz und Loyalit\u00e4t gepr\u00e4gte Zusam\u00admenarbeit ist das Management der Beziehungen zu Kunden und Lieferanten von zentraler Bedeutung.<\/p>\n<\/li>\n<\/ul>\n<p><strong>ZIELE<\/strong><\/p>\n<p>Die Gesch\u00e4ftsf\u00fchrung f\u00fchrt das <strong>Qualit\u00e4tsmanagementsystem<\/strong> mit folgender Zielsetzung ein:<\/p>\n<ul>\n<li>\n<p>die f\u00fchrende Marktposition des Unternehmens zu konsolidieren,<\/p>\n<\/li>\n<li>\n<p>bei allen angebotenen Dienstleistungen weiterhin h\u00f6chste Qualit\u00e4tsstandards zu gew\u00e4hrleisten, und<\/p>\n<\/li>\n<li>\n<p>neue Technologien zu erforschen, um die angebotenen Produkte und Dienstleistungen maximal effizient und zuverl\u00e4ssig zu gestalten.<\/p>\n<\/li>\n<\/ul>\n<p>Durch die Erstellung des j\u00e4hrlichen Ausgabenbudgets stellt die Gesch\u00e4ftsf\u00fchrung sicher, dass ausreichende personelle und finanzielle Ressourcen f\u00fcr die Umsetzung der Strategie zur Qualit\u00e4tssicherung des Unter\u00adnehmens bereitgestellt werden.<\/p>\n<p><strong>VERPFLICHTUNGSERKL\u00c4RUNG <\/strong><\/p>\n<p>W\u00fcrth IT Italy verpflichtet sich, die Erf\u00fcllung aller anwendbaren Vorschriften, Anforderungen und beh\u00f6rdlichen Vorgaben im Einklang mit dem internen Qualit\u00e4tsmanagementsystem gem\u00e4\u00df UNI EN ISO 9001:2015 zu gew\u00e4hrleisten.<\/p>\n<p>Durch einen proaktiven Ansatz, der darauf abzielt, sachdienliche \u00c4nderungen zu erkennen und zu analy-sieren, f\u00f6rdert das Unternehmen alle Anpassungen, die zur kontinuierlichen Verbesserung der Prozesse erforderlich werden.<\/p>\n<p>Die Unternehmensorganisation erkennt die Wichtigkeit von nachhaltigem Handeln als strategischen Wert an.<\/p>\n<p>Auch wenn in diesem Bereich noch keine strukturierten Prozesse eingeleitet wurden, verpflichten wir uns, die diesbez\u00fcglichen Grunds\u00e4tze zu evaluieren und im Einklang mit den Leitlinien der W\u00fcrth-Gruppe zu integrieren.<\/p>\n<p><strong>VERBREITUNG IM UNTERNEHMEN&nbsp;<\/strong><\/p>\n<p>Wie in dem aktualisierten und \u00fcber das unternehmenseigene Intranet leicht zug\u00e4nglichen Handbuch f\u00fcr Qualit\u00e4tsmanagement und Informationssicherheit ausdr\u00fccklich vorgesehen, sind alle Mitarbeitenden \u00fcber das System und die Leitlinien des Qualit\u00e4tsmanagements informiert und darin eingebunden.<\/p>\n<p><b>\u00dcBERARBEITUNG<\/b><\/p>\n<p>Die Gesch\u00e4ftsleitung verpflichtet sich, das Qualit\u00e4tsmanagementsystem einmal j\u00e4hrlich zu \u00fcberarbeiten und in diesem Rahmen<\/p>\n<ul>\n<li>\n<p>zu pr\u00fcfen, ob der Qualit\u00e4tssicherungsplan weiterhin angemessen und effizient funktioniert, wobei gegebenenfalls die entsprechenden Anpassungen vorgenommen werden,<\/p>\n<\/li>\n<li>\n<p>zu pr\u00fcfen, ob die f\u00fcr das laufende Jahr gesetzten Qualit\u00e4tsziele erreicht wurden, und<\/p>\n<\/li>\n<li>\n<p>To set and\/or adjust the quality targets for the following year<\/p>\n<\/li>\n<\/ul>\n<p><strong>APPROVAL<\/strong><\/p>\n<p>Management and the quality officer or his\/her deputy fully support the implementation of the policy and are committed to achieving the set objectives. Management undertakes to review this document periodically to ensure its adequacy.<\/p>\t\t\t\t\t\t\t\t<\/div>\n\t\t\t\t<\/div>\n\t\t\t\t\t<\/div>\n\t\t<\/div>\n\t\t\t\t\t<\/div>\n\t\t<\/section>\n\t\t\t\t<\/div>\n\t\t","protected":false},"excerpt":{"rendered":"<p>NORMATIVE VERWEISUNGEN Das vorliegende Dokument wurde in \u00dcbereinstimmung mit den folgenden Vorschriften erstellt: ISO 9001:2015 Handbuch f\u00fcr Qualit\u00e4tsmanagement und Informationssicherheit ANWENDUNGSGEBIET Der Qualit\u00e4tssicherungsplan ist ein Leitfaden f\u00fcr die kontinuierliche Verbesserung der unternehmensin\u00adternen Prozesse. Die gesetzten Ziele k\u00f6nnen nur durch das beharrliche Engagement und die Unterst\u00fctzung der gesamten Belegschaft erreicht werden. Hierin liegt der eigentliche Schl\u00fcssel [&hellip;]<\/p>\n","protected":false},"author":4,"featured_media":0,"parent":0,"menu_order":0,"comment_status":"closed","ping_status":"closed","template":"","meta":{"footnotes":""},"class_list":["post-24182","page","type-page","status-publish","hentry"],"acf":[],"_links":{"self":[{"href":"https:\/\/www.wuerth-it.it\/de\/wp-json\/wp\/v2\/pages\/24182","targetHints":{"allow":["GET"]}}],"collection":[{"href":"https:\/\/www.wuerth-it.it\/de\/wp-json\/wp\/v2\/pages"}],"about":[{"href":"https:\/\/www.wuerth-it.it\/de\/wp-json\/wp\/v2\/types\/page"}],"author":[{"embeddable":true,"href":"https:\/\/www.wuerth-it.it\/de\/wp-json\/wp\/v2\/users\/4"}],"replies":[{"embeddable":true,"href":"https:\/\/www.wuerth-it.it\/de\/wp-json\/wp\/v2\/comments?post=24182"}],"version-history":[{"count":9,"href":"https:\/\/www.wuerth-it.it\/de\/wp-json\/wp\/v2\/pages\/24182\/revisions"}],"predecessor-version":[{"id":29253,"href":"https:\/\/www.wuerth-it.it\/de\/wp-json\/wp\/v2\/pages\/24182\/revisions\/29253"}],"wp:attachment":[{"href":"https:\/\/www.wuerth-it.it\/de\/wp-json\/wp\/v2\/media?parent=24182"}],"curies":[{"name":"wp","href":"https:\/\/api.w.org\/{rel}","templated":true}]}}