{"id":3236,"date":"2023-08-25T14:01:08","date_gmt":"2023-08-25T12:01:08","guid":{"rendered":"https:\/\/www.wuerth-phoenix.com\/cyber-security-training\/"},"modified":"2023-12-01T09:23:07","modified_gmt":"2023-12-01T08:23:07","slug":"cyber-security-training","status":"publish","type":"page","link":"https:\/\/www.wuerth-it.it\/de\/cyber-security-training\/","title":{"rendered":"Cyber Security Training"},"content":{"rendered":"\t\t<div data-elementor-type=\"wp-page\" data-elementor-id=\"3236\" class=\"elementor elementor-3236 elementor-2569\" data-elementor-post-type=\"page\">\n\t\t\t\t\t\t<section class=\"elementor-section elementor-top-section elementor-element elementor-element-2372ac4e intro-section elementor-section-boxed elementor-section-height-default elementor-section-height-default\" data-id=\"2372ac4e\" data-element_type=\"section\" data-e-type=\"section\" data-settings=\"{&quot;background_background&quot;:&quot;classic&quot;}\">\n\t\t\t\t\t\t<div class=\"elementor-container elementor-column-gap-default\">\n\t\t\t\t\t<div class=\"elementor-column elementor-col-50 elementor-top-column elementor-element elementor-element-5d0314fe\" data-id=\"5d0314fe\" data-element_type=\"column\" data-e-type=\"column\">\n\t\t\t<div class=\"elementor-widget-wrap elementor-element-populated\">\n\t\t\t\t\t\t<div class=\"elementor-element elementor-element-6a4de4c9 elementor-widget elementor-widget-heading\" data-id=\"6a4de4c9\" data-element_type=\"widget\" data-e-type=\"widget\" data-widget_type=\"heading.default\">\n\t\t\t\t<div class=\"elementor-widget-container\">\n\t\t\t\t\t<h1 class=\"elementor-heading-title elementor-size-default\">Cyber Security Training<\/h1>\t\t\t\t<\/div>\n\t\t\t\t<\/div>\n\t\t\t\t<div class=\"elementor-element elementor-element-1602580e elementor-widget elementor-widget-text-editor\" data-id=\"1602580e\" data-element_type=\"widget\" data-e-type=\"widget\" data-widget_type=\"text-editor.default\">\n\t\t\t\t<div class=\"elementor-widget-container\">\n\t\t\t\t\t\t\t\t\t<p>Vertiefe deine Kenntnisse im Bereich Cybersicherheit.<\/p>\t\t\t\t\t\t\t\t<\/div>\n\t\t\t\t<\/div>\n\t\t\t\t\t<\/div>\n\t\t<\/div>\n\t\t\t\t<div class=\"elementor-column elementor-col-50 elementor-top-column elementor-element elementor-element-4346f434\" data-id=\"4346f434\" data-element_type=\"column\" data-e-type=\"column\">\n\t\t\t<div class=\"elementor-widget-wrap\">\n\t\t\t\t\t\t\t<\/div>\n\t\t<\/div>\n\t\t\t\t\t<\/div>\n\t\t<\/section>\n\t\t\t\t<section class=\"elementor-section elementor-top-section elementor-element elementor-element-36273e35 padding-top padding-bottom  elementor-section-boxed elementor-section-height-default elementor-section-height-default\" data-id=\"36273e35\" data-element_type=\"section\" data-e-type=\"section\">\n\t\t\t\t\t\t<div class=\"elementor-container elementor-column-gap-default\">\n\t\t\t\t\t<div class=\"elementor-column elementor-col-33 elementor-top-column elementor-element elementor-element-164f80f8\" data-id=\"164f80f8\" data-element_type=\"column\" data-e-type=\"column\">\n\t\t\t<div class=\"elementor-widget-wrap\">\n\t\t\t\t\t\t\t<\/div>\n\t\t<\/div>\n\t\t\t\t<div class=\"elementor-column elementor-col-33 elementor-top-column elementor-element elementor-element-34ff0a27\" data-id=\"34ff0a27\" data-element_type=\"column\" data-e-type=\"column\">\n\t\t\t<div class=\"elementor-widget-wrap elementor-element-populated\">\n\t\t\t\t\t\t<div class=\"elementor-element elementor-element-70d45249 elementor-widget elementor-widget-heading\" data-id=\"70d45249\" data-element_type=\"widget\" data-e-type=\"widget\" data-widget_type=\"heading.default\">\n\t\t\t\t<div class=\"elementor-widget-container\">\n\t\t\t\t\t<h2 class=\"elementor-heading-title elementor-size-default\">Haben Sie Lust, Ihre F\u00e4higkeiten zu verbessern?<\/h2>\t\t\t\t<\/div>\n\t\t\t\t<\/div>\n\t\t\t\t<div class=\"elementor-element elementor-element-611a4497 elementor-widget elementor-widget-text-editor\" data-id=\"611a4497\" data-element_type=\"widget\" data-e-type=\"widget\" data-widget_type=\"text-editor.default\">\n\t\t\t\t<div class=\"elementor-widget-container\">\n\t\t\t\t\t\t\t\t\t<p><strong>Entdecke all unsere Kurse zum Thema Cybersicherheit, die sich an technische Fachkr\u00e4fte richten. Es handelt sich um von EC-Council zertifizierte Kurse.<\/strong><\/p><p>Die Anmeldung f\u00fcr die folgenden Kurse wird direkt \u00fcber unseren Partner Dgroove vorgenommen.<\/p><p><img decoding=\"async\" src=\"data:image\/png;base64,iVBORw0KGgoAAAANSUhEUgAAAVQAAABcCAIAAAC+1No7AAAXsklEQVR4Ae1d+3NUx5XWXzLjHRabLY1KSsokFQaxa4fECIjBu1kkBIljW0LKY1lbo9HawTwkKjFlytLIG4NXRsJA7NjSKJXsBqwZE9uVxRpwHIPWmh8C5Ac0zopyWeW6K0sMsqTeGho3TT9O9+25d8R4mlIVfc\/cPn36O\/316ce9fStQ0f\/lovGZtTuFf3PHThbdHFugRaBMEagofr0t+YuPuS3RIsAjYMnPY2IlFoGyQMCSvyzcbCtpEeARsOTnMbESi0BZIGDJXxZutpW0CPAIWPLzmFiJRaAsELDkLws320paBHgELPl5TKzEIlAWCFjyl4WbbSUtAjwClvw8JlZiESgLBCz5y8LNtpIWAR4BS34eEyuxCJQFApb8ZeFmW0mLAI+AJT+PiZVYBMoCAUv+snCzraRFgEfAkp\/HxEosAmWBgCV\/WbjZVtIiwCNgyc9jYiUWgbJAwJK\/LNxsK2kR4BGw5OcxsRKLQFkgYMlfFm62lbQI8AiYkn9yamHs0nzy7NzxU+RvYezSwtglNDnFF0NL7AGeNBo4\/emnn05MTGTGM++dO5ceTfM3GEhSyVRvT7y3J97avKOxvoH8YeHwUMJxHAO1PmWJtUU31q3HRvb2xI\/2D2Qnsj6VVXJqM+OZ4aFELNqO8WlpavbEd+7IP588e31v38zmDuHB20Q4u33v9UOJ+XfHhCj7Sn7HcYaHEq3NO7ZuqReWfocIp6enf3\/69M\/2739w\/YZlwbtCgSD9t7CwYGZndiKLq09rA9KN9Q13CM0y4xnezjWR1fs7uzLjGTM0EELNjz62dUu98K+jvd1YLZ3x4p\/\/LNSPhb969VX6ZlfpzHgmFm2vCVcxyMS7e1zpkd2sR\/7JqeuHEkrOE\/LfSmzumDt+Ck3P0sX7RP7sRDYWbScwuSV\/ejQdi7YXIdpMTk7u3rXrnmV\/S0zlEwbkdxxnf2cXr0pTUpy6082AT29YVyeztrG+wWxA9GRHh0xnKBC8cuUKb4ZbCQz7hx9+6FYhQmh4KLEmslpoeXVl2JOwjxBSk3\/u+CkT2tOf5cBdwBcYeE5+Ybs3ID\/Gen9nl1fgflHjm\/9PTU09\/dNdQo8yQiYjfOk4Tm9PnI8PjE6dy1i03ae6w1XAvyYGh2AjDXqo986dA3T2PNetYxhwz9zcHID8+gfWAXmFP6VH0431DYDNsbaoMKOBUEH+3LMnboVxms\/u09daD+DlAG\/JnxgcEqJvTP5QILgmsrqQoabQDRfOn\/\/6vfcCTqV\/0o\/8mfGMLETQCvXTNeGq1EhSWAW\/hY7jVFeGYVNrwlWJwSFXlvy9JISGAsF\/WF3rShV\/c2okCRj88sAAnwWQwIMIXJCHg1MF+dH0rIf8n9ncMX9mzEPy9\/bEZdAXQn6s020jA5z6Ul\/f8r8JyUzl5ZrkT40khR0fr9CtxJO6GwwiYm1RHVN7e+IA2sxPQCMJBYJ\/ev995n5Xlzsea5IZfHdo2f9pL6k6jgMHfFyKWdiX9Rcq8t9AYj6ZntkU82oIAEwi9L\/V5zgOPcPnHVA4+UOBoCcceO7gQd48WKJD\/qP9A7CSAn+NRQtaD4tF27v2dboiEkJIuOwnrIi+eVevXhVqwMKnf7rLrZHk\/k8++YRfrCVl\/eSHPyJ3wonMeEazE5fRGNDvOI5suKRF\/rzqyalrLc94xn\/JrEGf\/Mpu0hPyF87\/4aEEaQ36CSX54909+tqM79QnGNP4cL+8JrKaketcAst+TEVam3foKEQIbd1Sz+QllzXhqrm5OU09zG1H+l4ievjEO2+\/w9wvvMTk5LPzErOwT5oKP5vTJv8Nw\/Nr\/hLeeiLXJD8c8zFqXpE\/FAgaz\/\/To2nehToSYSshQnieqaNf\/x6DXaWBI\/1EP9\/gSC1kCTo70SNLaJo39PqgTEMoEEy+MSIzBpavve8+mdpvrPza4uIinB0h5DjOxrr1MiW0fOuWeuOwj\/XUhKsYDe7IjxBauHARTwFy0fjcsZPzyfTChYv4b+7YyeuHErPb9hh3BDrkV64J46p6SP41kdUG09fFxcUHvrmW9p9+Goj8+kPEUCBYXRmOtUXj3T3x7p70aDo1ksRp\/egaCgRdEZjp71qampUEYG5wHKelqVkfKx3zZmZmVixfLtP5w5YWxgady\/8ZG5MpDAWCzx08qKNEOYANBYKxtihDWh3N+B4S9rGpjfUNdF7X5M9nnp5ltu5pjfn05NTcsZMGXYCS\/EzbkqFfuyqi0yZos2HNBtPXUydPysyj5V+\/d2X08SdOHDv+\/h\/\/eOXKlVwuR1vFpB3H0Vzbj7VF4QFLdiI7cKRfuboeCgRrwlWwKmJkdiLLz12NG25icAgYrhMMNc2LPv4EycIk7g4tM+jc9+7ezeihL7NZ9eOJyjHOhnV1xujhYQXvDnoZy4j8xNtwYnLq+p4+V12AkvzKnrK6MuyW9rgSMPlDgaBbN6xb+y26NfDphx7c9GYqBUPI\/Mp05LzOUCDY0tSsb6rjODo6mYjBWEUuhWv1miNzooRJpEaSyh5Kx7x3z5wRwoWFr\/7yFaZc+BLe3tcZdWYnsoA9OOAbdEm02ULP1oSriFo\/yX\/DkM+H39LnP0x+5YB\/w7o6UjEaBZ20kvyugv9\/\/+EPsGv7XzqiYxV9jzCuMqWYMU2HYMoH7GQL9WbLfnTFHcdRzlOU5i0uLn5j5dcYuMjlln\/6Ll2iMn3yd78jefnEcCKh1CDsKIkqs7U9ulBgHZEEf9\/JjxDK7xTqLRMC5FeOeAthPkIoO5GFI0xNuIoGF07v272HOJJPmFEUbi4FbkxkxjNw9ZXRFRiUmY3FaISV\/FeahxCC91wnJyfpEuH0ow8\/zLsVS8L3rIDnbrixybKHAsEN6+rg0nV+FYZ9XCjpjotBfoSQ5hIAQH447NeuihjHfAKlLHYRP+k3YiDI1H37AVKifkI5SjTrUGgDlGMfoPpwXoNlP9ownHYcp3ZVhPiCTyiD\/8TEBJ+LSP69t5cvVCiBt\/d3PfmUMBcthPtxzRUWWiGf7trXSarGJ3ARRSI\/Qkhn\/g+QH94RUTqeR0cogddgNEf+ly9d5uEmknfeeltYNCwEOvJQIKgzyYT141\/h6gMchltz4R0TNg\/uYnSGyt996CHiCCah\/6jvi4cOM3npy\/MfnIehdhyHvp9Je4UVHC1wSy4e+dHklHLwLyM\/XBOgUcJuEP4KhJeNdeuFWRjhf\/32PxmPksuqFX8HbOMxeuhLuO\/TX+GjdQrTQPVDgaAwC0KIX1UmVfbwLTSEENDL6MzLfvXKK8QwPnHhvIK3uPrA9v7a++6TQUTk8BjWQ1cCWOGRf4Vi046Y7EVC+ZqAjPxwRPJkmETqB\/uG3AYkjh09yjcsLHnk+w8DGWU\/wX2fTsSTaeblcHQVjvzh6ZJXoQybamAeXUd4w3\/f7j30zcL0B3\/6QObcUCD4Ul+fMBctBJ5i8GS2T8qCW7LjOBXzyTR5345k8ymxePkjOPjLyA\/s93qLF644sPSlM7\/oea5b1j72d3YZYFvMvg8hBAR\/YUcDTC+9DfsYOmDlX2detvPHP5F5pyZcNT8\/Dzto15NPybIvC941NaU4xgohJMseCgQHjvTDpbv6FY4ZqZFkxc1ovLljPunN6VGwffALQjLyA0+2eBtYsPFA36zjnt27pC\/tu3odjSAJ2FNdGSa3eZUAyEwWiumygK7Zq8UIujjAPJ3i3nnrbYB+vz99mi6LSedyufA9K2TZdd41gEdJR\/sHzqbPevgHTMfi3T0V9Au2uYMn\/J4FwCN\/GfllcIcCQZ1QzLhQeQmsrun0Ne1PtMkM7nvxRWXp\/A0Au4ShmNfgSgK\/O8CrAtYjdODiFcISwDydaf\/CwsLKr3xF5qB\/+dGPgdJ\/+5vfyDKGAsHTb74J5MU\/AcYDmv34KdYWrWBesL3WemDx8kfKOhjfAO\/5LVy4yGuGp3mF7\/DxJQIe0llcBJ4k\/Y\/Dh\/nilJIiD3xgwHlrgaapM1DiFcISt+bx2g787Ocym1csX\/7ZZ5\/xWbDke43bZBnvranRWcoF4opMs0\/yrVvqKwST8M0dn\/\/aZDtKBhktz78XJH\/gx4D8tHKv0kDz0hlYek5+wP1+DHzgeSm\/vFpk8+CtMp1gcPkytBc7+NrrwoYEnwtw4OfPCHMxwjuH\/Gsiq0Xkv0HO63vV65ZMxXQuLfl1UGLuKTK7YPIz3Q08ifVw44rGpHBANm38jkyJ7GHBXzz\/vCxLKBD8y+W\/0BbK0ncO+UOBoJT8M2t3yipQiBwmv3DGAcRhYOe5ECOBEnVmlaUe+eHQypAfvtkP8gPe0V8DOvbyywCThY\/6rolIny\/854f+UbO9lQz5hVTUrKTsNpj8wlyws3WGeUK1gBD2EJAR\/1Tq5IcBX\/JhP2ye0jv4Bsdx7g4tk\/H\/8AuHGD3wKcCvv\/Yac7\/sEm5aMnt8kkORXzgDl9VKUw695LMpJlQCO5sJREINboWwh5TaPCc\/sLPtR\/WB9U7hUAtomneCeTJ\/te7YIbP82\/d\/k8nV0X7rkxBMrhXLl8\/MzDD3yy7hRzYYzX5f3rbVxyzF+bHzD6z256LSI1kBFMj7iTK4DeTA3pWw9TNFeE5+YKvPj700t30fYJ4fq\/3AU6u1qyKML4DLN1MpoF3RH9uAt\/ddnXQIR7LaVRHg4z\/e\/pTf6gM23q\/v8X7N71rrAaaLIZe5Z0\/IXAWEPp29N5laoRyexC4J+YGHfHR2H4TVBIQAu4TPUxbZPGDj0xUa8IY\/\/SwmfArre+fOAWAyP8FP3bmyn9FscFkBHbaxucNAI5QFfLfn8+G3ZHmB5qizAidTK5TDT0QvCflhk7xd9YBbp\/D52WKaB28uuB1oAA8LrvzqV8mjvsDQZk3ExVgDtzfg6Wmd1iVstGbCCvhlO29H\/sCYf2btTmCJAZ4peTvyBwILHiUqgfZ82A8PRty2eNh+gA+ytXS4v\/B2YgKEAYOj1uCuBJ+9nc1C520d+sULMJ78r3AVvG3MfOm0JP9KL3Ag\/+z2vfTdBaWnZ5mnCcmAP5+QrPbhEuHWb3a6rrAucBBbKvLDJ897WH3g7Cd8FrAQNIQQMC8z4KSsFLiXcTXhJ0V86\/77ZTP\/x3fmd7uB17SWBe+6evUqUaWZgNdThW9PaGp2e1ue\/NDIf+1OYDTuqrDcQeizf8r1Bbi\/9CS8wE2fNBFlrT2P\/AgheOwjHI0r7eRvgJf6gPcI4Iyyx2Z4A2AJvBBrBgLw4Q38qC9wKNNjP3gENlj2K\/DaqNuz0mVF6MhvHOYxPQu\/bAcMyHXK0DnGTzm\/gJdJPYEMbltLS37lRyw92VSDuxigCOUJiK6WxIWNSvmlFrMHiuAzuZ595gDxO58YeeMNoalKIdxX8l\/XUCo0u+HmST7wbHxmc0chD\/xAe\/v4Of9NMZ23CeGVkppwFdA6YXSUX\/6jHQ+rQgj5EfkRQsoWwz9+ozSVuQGYXikXomHzQoGg2evM2EL4Y5v4oGumLvqXTY88SvtXM11dGTb+zheAMy59Y91643Vc\/Ml2new3yY+mZxVf2jF94V\/nC1\/AJh\/tQmXwNzvBVv+TSdgxtEnCtE\/kVwZ\/2fcYhUbKhLLplTKuKs3LU9T9xz91+uUCjwzR\/LwK0ynQe4EyMAG5sq\/cWLdeiTmvnzRmne7jC\/Lj73DJ37fDi3P5F\/4n1WeVYJsWLlzMRXtvW9WT6NfXCWwpE9+0Nu\/QR214KAEceEB00gkecUbiE\/mVwR8b6ar6jOUIIeFyFDDbpzUoG3QoEFwTWa0\/QBseSig3X0KBYIErPvAXOGjX02nNN3lofOi08jBi\/K2ko\/0DdC44fbR\/gG7MSv7fIn\/+gF2973DmDp6YT56VDtQnpz7\/9duatJ9Zu1Mz7ONq64QX7KFYtD2VlH4PJzuRPdo\/oNOwaH\/jNOwA\/4b9uFx4XZ1YC1cfrgIzvXIVVzXNa6xvGB5KyPpo7B3NJZgCv9eAodjz9NMEOp3E5u88CGOo86vOSBZ3l709cWBOBzRmmP+3kR9NzwLbfnwMv9Z6IBftvb63b+74qVy0Nxftnd2+l78NkMxu2yPtRCT4CUMT4LDG+obW5h29PfHenvj+zq7G+gYzzpMiJHbdEvsX+fEH2OC1YmInTuiHWVIBOoBXV4aBZkeykIROQKMt3Fi3njiosb7BrXdcdUzESD5x4fx52ipl+pUTv+SVGEhoqJWF1oSrGusbYtF2V40Z4P\/t5L\/xEU5X\/AeIrfOT2T6Czm68EkrjG5Q+9pX8CCHl13XoqmmO2OlK0dvpBs+cuDKPNtUg7apjouvIp4ENf8YwV2\/y8AUxEtkiC1NoIZcy\/nPkLyL\/ldt7DEz05RLynzZDmPab\/AghV9XXWfhlKoLXVsx2zt2aZ9ysDTomppr05eEXDmla8sTOf6UzFp7WnCtpmie8TRgDROS\/wX94518nqsP3FMJ8DDf8IKoQAk0hPK5WOrsI5Mcrc7CdpLIGz\/+mRpLGzMf4pEfTmuYRO\/UTxt9iBnwHn9JF2zb67ruAHrOffI3\/LU3NwgAgIT9CaHKKPtgXZrK7XzfF5s+MmWHE5NL5vCztNp00XkAC7mRs4C+LQ348\/mcW54RmF\/OJURqNzHjGj5hWuyri4WifNvjh7d8TAkgL10Qii4uLdC6v0vATVrQNrtJA1y8n\/4065Z\/83RRzx23Jfh5WkovGC3leiAfacRzgpStXMNEfRQcy8jYwkqKRH6\/\/6VTfYNmPqZTZpeM4OruzANrMT1u31AuDmJl5TC74ZG5syfNx6akTjDaDS2+DmbKXVJA\/XwGPhgCz2\/YUPtSXAZoYHNKJgUxLoi+rK8Nkuxh+AEtmA5EXk\/y40NRIEq6+cMpHDPY7kR5NFz4E2LCuzu8uDD60A7cWgzd5XMHrOE68u6fAGVN1ZVhnQUSD\/Ddsnz8zlj\/2w2gUkIvG\/aM9jaxxF9C1r5OOJ\/AGLF2iMF188mMzEoNDQKOhKyg0229hejRtNrOtXRXRacqe2P9Ux7\/RIYFJf3\/bdk9KUSrJTmTNsMIxTNPXuuS\/ae707HwyrfOx7ZlNset7+vJvBGo\/EahERPOGzHgm3t2jE2pampoHjvTzj5oUSP7Lly6nR9PCv\/\/96181a2F8W3o03bWvkx8IAHM\/47IMMjqOM3CkX8c7W7fUC71jUKh+lo8\/\/ljoOCz8KOvj92x4Ix3HSY0kY21RoE\/H3VPtqkjXvk63IyOX5L\/dwIULFxcuXJxPpueOncR\/82fG8lv307O337g0V47jpEfTqZFkvLuH\/ksMDqVH00DvWCD5l6a2XKnZiWx6NJ0YHMJ1L3D1nlPvgQA7KD2aJt7BroG940HBJagiM57hG3NqJJkeTRsvfxZE\/hLEUMtkYN1V+XKbVgH2JovAHYCAJb\/ACcB0y5JfgJcVlSYClvwCvwEP\/5MdAUE2K7IIlBQClvysu+B9vtRIks1gry0CpYmAJT\/rN\/hFK35rgM1vry0CJYJASZIfH1TkE8L0cQjMNq\/wkxU+mWHVWgT8RqD0yE8OKjI4E0qJJrDOHwoE75CtcmUt7A0WAR0ESoz8hPk4JnvL\/8x4Bgj7Hp4\/r+MYe49FwG8ESon8DPMx\/2UHFRgAB58b5flHAQ0stFksAh4iUDLkFzIf878mXFXgIjygnEz73T476aGTrCqLgB8IlAz5W5ulX1MnUwCzpfjMeAaO+aFA0IZ9Pxqf1bm0CJQG+ZVfayHxORZt13\/UOf\/uVLSd5JUlqivDZt3K0rrWlm4RgBEoDfK7OrIOn3a8v7MrlUzxHUF2Ins2fba3J66M9qQvsIv8cBuyv5YoAqVB\/qKdCUkITxJLewxGibYqa3ZJIFAy5F8S\/nvyQYiSaAfWyDJEoJTIj\/mvPNiABO0CE5b5ZciHsqpyiZFf\/8jaAplvR\/tlRYPyrGzpkR8fWQu8cl8g7TUPPyzP5mJr\/WVCoCTJjx2QHk3rnFrtqi+ItUXtrt6XqX3bugAIlDD5ca0Sg0OedAGxtii\/LwgAZ3+yCJQ6AiVPfuyAzHhGeGStMuy3NDUnBoeAwzxL3cHWfouADIEvCflJ9bITWXxebUtT89Yt9fSgoHZVBEu69nUOHOm3z+oT0GyiPBH4f7buMCK2v\/vpAAAAAElFTkSuQmCC\" alt=\"image\" \/><\/p>\t\t\t\t\t\t\t\t<\/div>\n\t\t\t\t<\/div>\n\t\t\t\t\t<\/div>\n\t\t<\/div>\n\t\t\t\t<div class=\"elementor-column elementor-col-33 elementor-top-column elementor-element elementor-element-25b532fc\" data-id=\"25b532fc\" data-element_type=\"column\" data-e-type=\"column\">\n\t\t\t<div class=\"elementor-widget-wrap\">\n\t\t\t\t\t\t\t<\/div>\n\t\t<\/div>\n\t\t\t\t\t<\/div>\n\t\t<\/section>\n\t\t\t\t<section class=\"elementor-section elementor-top-section elementor-element elementor-element-27fa0e1 elementor-section-full_width elementor-section-height-default elementor-section-height-default\" data-id=\"27fa0e1\" data-element_type=\"section\" data-e-type=\"section\">\n\t\t\t\t\t\t<div class=\"elementor-container elementor-column-gap-no\">\n\t\t\t\t\t<div class=\"elementor-column elementor-col-100 elementor-top-column elementor-element elementor-element-8608a78\" data-id=\"8608a78\" data-element_type=\"column\" data-e-type=\"column\">\n\t\t\t<div class=\"elementor-widget-wrap elementor-element-populated\">\n\t\t\t\t\t\t<div class=\"elementor-element elementor-element-8a21a68 elementor-widget elementor-widget-shortcode\" data-id=\"8a21a68\" data-element_type=\"widget\" data-e-type=\"widget\" data-widget_type=\"shortcode.default\">\n\t\t\t\t<div class=\"elementor-widget-container\">\n\t\t\t\t\t\t\t<div class=\"elementor-shortcode\"><div class=\"courses-by-categories\"><div><div class=\"container\"><h4>Cyber Security Schulung<\/h4><div class=\"course\">\n                <h6 class=\"course-title\"><a href=\"https:\/\/www.wuerth-it.it\/de\/kurs\/cpent-certified-penetration-tester\/\">CPENT &#8211; Certified Penetration Tester<\/a><\/h6>\n                <p class=\"course-datetime\"><\/p>\n                <p class=\"course-language\"><img decoding=\"async\" src=\"https:\/\/www.wuerth-it.it\/wp-content\/themes\/wurth\/..\/..\/plugins\/sitepress-multilingual-cms\/res\/flags\/en.svg\"> EN<\/p>\n                <p class=\"course-link\"><a class=\"elementor-button-link elementor-button elementor-size-sm\" href=\"https:\/\/www.wuerth-it.it\/de\/kurs\/cpent-certified-penetration-tester\/\">KURS ANMELDEN<\/a><\/p>\n            <\/div><div class=\"course\">\n                <h6 class=\"course-title\"><a href=\"https:\/\/www.wuerth-it.it\/de\/kurs\/ceh-certified-ethical-hacker-v12\/\">CEH \u2013 Certified Ethical Hacker<\/a><\/h6>\n                <p class=\"course-datetime\"><\/p>\n                <p class=\"course-language\"><img decoding=\"async\" src=\"https:\/\/www.wuerth-it.it\/wp-content\/themes\/wurth\/..\/..\/plugins\/sitepress-multilingual-cms\/res\/flags\/it.svg\"> IT<\/p>\n                <p class=\"course-link\"><a class=\"elementor-button-link elementor-button elementor-size-sm\" href=\"https:\/\/www.wuerth-it.it\/de\/kurs\/ceh-certified-ethical-hacker-v12\/\">KURS ANMELDEN<\/a><\/p>\n            <\/div><div class=\"course\">\n                <h6 class=\"course-title\"><a href=\"https:\/\/www.wuerth-it.it\/de\/kurs\/ecih-certified-incident-handler\/\">ECIH \u2013 Certified Incident Handler<\/a><\/h6>\n                <p class=\"course-datetime\"><\/p>\n                <p class=\"course-language\"><img decoding=\"async\" src=\"https:\/\/www.wuerth-it.it\/wp-content\/themes\/wurth\/..\/..\/plugins\/sitepress-multilingual-cms\/res\/flags\/it.svg\"> IT<\/p>\n                <p class=\"course-link\"><a class=\"elementor-button-link elementor-button elementor-size-sm\" href=\"https:\/\/www.wuerth-it.it\/de\/kurs\/ecih-certified-incident-handler\/\">KURS ANMELDEN<\/a><\/p>\n            <\/div><div class=\"course\">\n                <h6 class=\"course-title\"><a href=\"https:\/\/www.wuerth-it.it\/de\/kurs\/ctia-certified-threat-intelligence-analyst\/\">CTIA \u2013 Certified Threat Intelligence Analyst<\/a><\/h6>\n                <p class=\"course-datetime\"><\/p>\n                <p class=\"course-language\"><img decoding=\"async\" src=\"https:\/\/www.wuerth-it.it\/wp-content\/themes\/wurth\/..\/..\/plugins\/sitepress-multilingual-cms\/res\/flags\/it.svg\"> IT<\/p>\n                <p class=\"course-link\"><a class=\"elementor-button-link elementor-button elementor-size-sm\" href=\"https:\/\/www.wuerth-it.it\/de\/kurs\/ctia-certified-threat-intelligence-analyst\/\">KURS ANMELDEN<\/a><\/p>\n            <\/div><div class=\"course\">\n                <h6 class=\"course-title\"><a href=\"https:\/\/www.wuerth-it.it\/de\/kurs\/csa-certified-soc-analyst\/\">CSA \u2013 Certified SOC Analyst<\/a><\/h6>\n                <p class=\"course-datetime\"><\/p>\n                <p class=\"course-language\"><img decoding=\"async\" src=\"https:\/\/www.wuerth-it.it\/wp-content\/themes\/wurth\/..\/..\/plugins\/sitepress-multilingual-cms\/res\/flags\/it.svg\"> IT<\/p>\n                <p class=\"course-link\"><a class=\"elementor-button-link elementor-button elementor-size-sm\" href=\"https:\/\/www.wuerth-it.it\/de\/kurs\/csa-certified-soc-analyst\/\">KURS ANMELDEN<\/a><\/p>\n            <\/div><div class=\"course\">\n                <h6 class=\"course-title\"><a href=\"https:\/\/www.wuerth-it.it\/de\/kurs\/cnd-certified-network-defender\/\">CND \u2013 Certified Network Defender<\/a><\/h6>\n                <p class=\"course-datetime\"><\/p>\n                <p class=\"course-language\"><img decoding=\"async\" src=\"https:\/\/www.wuerth-it.it\/wp-content\/themes\/wurth\/..\/..\/plugins\/sitepress-multilingual-cms\/res\/flags\/it.svg\"> IT<\/p>\n                <p class=\"course-link\"><a class=\"elementor-button-link elementor-button elementor-size-sm\" href=\"https:\/\/www.wuerth-it.it\/de\/kurs\/cnd-certified-network-defender\/\">KURS ANMELDEN<\/a><\/p>\n            <\/div><div class=\"course\">\n                <h6 class=\"course-title\"><a href=\"https:\/\/www.wuerth-it.it\/de\/kurs\/mocms-500t00-microsoft-365-security-administration\/\">MOC MS-500T00 \u2013 Microsoft 365 Security Administration<\/a><\/h6>\n                <p class=\"course-datetime\"><\/p>\n                <p class=\"course-language\"><img decoding=\"async\" src=\"https:\/\/www.wuerth-it.it\/wp-content\/themes\/wurth\/..\/..\/plugins\/sitepress-multilingual-cms\/res\/flags\/it.svg\"> IT<\/p>\n                <p class=\"course-link\"><a class=\"elementor-button-link elementor-button elementor-size-sm\" href=\"https:\/\/www.wuerth-it.it\/de\/kurs\/mocms-500t00-microsoft-365-security-administration\/\">KURS ANMELDEN<\/a><\/p>\n            <\/div><\/div><\/div><\/div><\/div>\n\t\t\t\t\t\t<\/div>\n\t\t\t\t<\/div>\n\t\t\t\t\t<\/div>\n\t\t<\/div>\n\t\t\t\t\t<\/div>\n\t\t<\/section>\n\t\t\t\t<\/div>\n\t\t","protected":false},"excerpt":{"rendered":"<p>Vertiefe deine Kenntnisse im Bereich Cybersicherheit. Haben Sie Lust, Ihre F\u00e4higkeiten zu verbessern? Entdecke all unsere Kurse zum Thema Cybersicherheit, die sich an technische Fachkr\u00e4fte richten. Es handelt sich um von EC-Council zertifizierte Kurse. Die Anmeldung f\u00fcr die folgenden Kurse wird direkt \u00fcber unseren Partner Dgroove vorgenommen.<\/p>\n","protected":false},"author":2,"featured_media":0,"parent":0,"menu_order":0,"comment_status":"closed","ping_status":"closed","template":"elementor_theme","meta":{"footnotes":""},"class_list":["post-3236","page","type-page","status-publish","hentry"],"acf":[],"_links":{"self":[{"href":"https:\/\/www.wuerth-it.it\/de\/wp-json\/wp\/v2\/pages\/3236","targetHints":{"allow":["GET"]}}],"collection":[{"href":"https:\/\/www.wuerth-it.it\/de\/wp-json\/wp\/v2\/pages"}],"about":[{"href":"https:\/\/www.wuerth-it.it\/de\/wp-json\/wp\/v2\/types\/page"}],"author":[{"embeddable":true,"href":"https:\/\/www.wuerth-it.it\/de\/wp-json\/wp\/v2\/users\/2"}],"replies":[{"embeddable":true,"href":"https:\/\/www.wuerth-it.it\/de\/wp-json\/wp\/v2\/comments?post=3236"}],"version-history":[{"count":0,"href":"https:\/\/www.wuerth-it.it\/de\/wp-json\/wp\/v2\/pages\/3236\/revisions"}],"wp:attachment":[{"href":"https:\/\/www.wuerth-it.it\/de\/wp-json\/wp\/v2\/media?parent=3236"}],"curies":[{"name":"wp","href":"https:\/\/api.w.org\/{rel}","templated":true}]}}