{"id":3418,"date":"2023-07-10T15:41:36","date_gmt":"2023-07-10T13:41:36","guid":{"rendered":"https:\/\/www.wuerth-phoenix.com\/posizioni-aperte\/"},"modified":"2026-03-19T10:27:14","modified_gmt":"2026-03-19T09:27:14","slug":"offene-positionen","status":"publish","type":"page","link":"https:\/\/www.wuerth-it.it\/de\/offene-positionen\/","title":{"rendered":"Offene Positionen"},"content":{"rendered":"\t\t<div data-elementor-type=\"wp-page\" data-elementor-id=\"3418\" class=\"elementor elementor-3418 elementor-1529\" data-elementor-post-type=\"page\">\n\t\t\t\t\t\t<section class=\"elementor-section elementor-top-section elementor-element elementor-element-5242f84a intro-section elementor-section-boxed elementor-section-height-default elementor-section-height-default\" data-id=\"5242f84a\" data-element_type=\"section\" data-e-type=\"section\" data-settings=\"{&quot;background_background&quot;:&quot;classic&quot;}\">\n\t\t\t\t\t\t\t<div class=\"elementor-background-overlay\"><\/div>\n\t\t\t\t\t\t\t<div class=\"elementor-container elementor-column-gap-default\">\n\t\t\t\t\t<div class=\"elementor-column elementor-col-50 elementor-top-column elementor-element elementor-element-4da14aeb\" data-id=\"4da14aeb\" data-element_type=\"column\" data-e-type=\"column\">\n\t\t\t<div class=\"elementor-widget-wrap elementor-element-populated\">\n\t\t\t\t\t\t<div class=\"elementor-element elementor-element-22089f19 elementor-widget elementor-widget-heading\" data-id=\"22089f19\" data-element_type=\"widget\" data-e-type=\"widget\" data-widget_type=\"heading.default\">\n\t\t\t\t<div class=\"elementor-widget-container\">\n\t\t\t\t\t<h1 class=\"elementor-heading-title elementor-size-default\">Offene Positionen<\/h1>\t\t\t\t<\/div>\n\t\t\t\t<\/div>\n\t\t\t\t<div class=\"elementor-element elementor-element-4dfdec12 elementor-widget elementor-widget-text-editor\" data-id=\"4dfdec12\" data-element_type=\"widget\" data-e-type=\"widget\" data-widget_type=\"text-editor.default\">\n\t\t\t\t<div class=\"elementor-widget-container\">\n\t\t\t\t\t\t\t\t\t<p>Werde Teil unseres Teams.<\/p>\t\t\t\t\t\t\t\t<\/div>\n\t\t\t\t<\/div>\n\t\t\t\t\t<\/div>\n\t\t<\/div>\n\t\t\t\t<div class=\"elementor-column elementor-col-50 elementor-top-column elementor-element elementor-element-bbcc55d\" data-id=\"bbcc55d\" data-element_type=\"column\" data-e-type=\"column\">\n\t\t\t<div class=\"elementor-widget-wrap\">\n\t\t\t\t\t\t\t<\/div>\n\t\t<\/div>\n\t\t\t\t\t<\/div>\n\t\t<\/section>\n\t\t\t\t<section class=\"elementor-section elementor-top-section elementor-element elementor-element-4fe8755d padding-top elementor-section-boxed elementor-section-height-default elementor-section-height-default\" data-id=\"4fe8755d\" data-element_type=\"section\" data-e-type=\"section\">\n\t\t\t\t\t\t<div class=\"elementor-container elementor-column-gap-default\">\n\t\t\t\t\t<div class=\"elementor-column elementor-col-33 elementor-top-column elementor-element elementor-element-3b8aa7f0\" data-id=\"3b8aa7f0\" data-element_type=\"column\" data-e-type=\"column\">\n\t\t\t<div class=\"elementor-widget-wrap\">\n\t\t\t\t\t\t\t<\/div>\n\t\t<\/div>\n\t\t\t\t<div class=\"elementor-column elementor-col-33 elementor-top-column elementor-element elementor-element-a8d95fd\" data-id=\"a8d95fd\" data-element_type=\"column\" data-e-type=\"column\">\n\t\t\t<div class=\"elementor-widget-wrap elementor-element-populated\">\n\t\t\t\t\t\t<div class=\"elementor-element elementor-element-8b700ed elementor-widget elementor-widget-heading\" data-id=\"8b700ed\" data-element_type=\"widget\" data-e-type=\"widget\" data-widget_type=\"heading.default\">\n\t\t\t\t<div class=\"elementor-widget-container\">\n\t\t\t\t\t<h2 class=\"elementor-heading-title elementor-size-default\">ENTDECKE DIE BESTE POSITION F\u00dcR DICH<\/h2>\t\t\t\t<\/div>\n\t\t\t\t<\/div>\n\t\t\t\t<div class=\"elementor-element elementor-element-0d246e5 sub-title elementor-widget__width-initial elementor-widget elementor-widget-text-editor\" data-id=\"0d246e5\" data-element_type=\"widget\" data-e-type=\"widget\" data-widget_type=\"text-editor.default\">\n\t\t\t\t<div class=\"elementor-widget-container\">\n\t\t\t\t\t\t\t\t\t<p><strong><span class=\"ui-provider a b c d e f g h i j k l m n o p q r s t u v w x y z ab ac ae af ag ah ai aj ak\" dir=\"ltr\">W\u00e4hle die f\u00fcr Dich passende Position, sende uns Deine Bewerbung und bringe Dich ein!<\/span><\/strong><\/p>\t\t\t\t\t\t\t\t<\/div>\n\t\t\t\t<\/div>\n\t\t\t\t\t<\/div>\n\t\t<\/div>\n\t\t\t\t<div class=\"elementor-column elementor-col-33 elementor-top-column elementor-element elementor-element-88cd455\" data-id=\"88cd455\" data-element_type=\"column\" data-e-type=\"column\">\n\t\t\t<div class=\"elementor-widget-wrap\">\n\t\t\t\t\t\t\t<\/div>\n\t\t<\/div>\n\t\t\t\t\t<\/div>\n\t\t<\/section>\n\t\t\t\t<section class=\"elementor-section elementor-top-section elementor-element elementor-element-a35d044 padding-top padding-bottom elementor-section-boxed elementor-section-height-default elementor-section-height-default\" data-id=\"a35d044\" data-element_type=\"section\" data-e-type=\"section\" id=\"working-position\">\n\t\t\t\t\t\t<div class=\"elementor-container elementor-column-gap-default\">\n\t\t\t\t\t<div class=\"elementor-column elementor-col-100 elementor-top-column elementor-element elementor-element-69233d6\" data-id=\"69233d6\" data-element_type=\"column\" data-e-type=\"column\">\n\t\t\t<div class=\"elementor-widget-wrap elementor-element-populated\">\n\t\t\t\t\t\t<div class=\"elementor-element elementor-element-553ebb2 elementor-widget elementor-widget-shortcode\" data-id=\"553ebb2\" data-element_type=\"widget\" data-e-type=\"widget\" data-widget_type=\"shortcode.default\">\n\t\t\t\t<div class=\"elementor-widget-container\">\n\t\t\t\t\t\t\t<div class=\"elementor-shortcode\">\n    <div class=\"jobs-filter text-center\">\n    <a href=\"?job_cat=all\" class=\"active-job-category\">All<\/a><a href=\"?job_cat=93\" class=\"\">Praktikum<\/a><a href=\"?job_cat=94\" class=\"\">Consulting<\/a><a href=\"?job_cat=95\" class=\"\">Corporate<\/a><a href=\"?job_cat=96\" class=\"\">R&amp;D<\/a><a href=\"?job_cat=97\" class=\"\">Sales &amp; Marketing<\/a><a href=\"?job_cat=104\" class=\"\">Initiativbewerbung<\/a><\/div>\n    <h4 class=\"cat-title\">All<\/h4>\n    <div class=\"jobs-list\"><div class=\"job\">\n                <p><img decoding=\"async\" src=\"\"><\/p>\n                <h4><a href=\"https:\/\/www.wuerth-it.it\/de\/job\/search-backend-engineer\/\">Search Backend Engineer<\/a><\/h4>\n                <p>Standort: #Bozen\/Rom<\/p>\n                <p><a class=\"elementor-button-link elementor-button elementor-size-sm\" href=\"https:\/\/www.wuerth-it.it\/de\/job\/search-backend-engineer\/\">ERFAHREN SIE MEHR<\/a><\/p>\n            <\/div><div class=\"job\">\n                <p><img decoding=\"async\" src=\"https:\/\/www.wuerth-it.it\/wp-content\/uploads\/2023\/06\/consulting.png\"><\/p>\n                <h4><a href=\"https:\/\/www.wuerth-it.it\/de\/job\/it-consultant-fuer-asset-service-management-dach-m-w-d\/\">IT-Consultant f\u00fcr Asset &#038; Service Management \u2013 DACH (m\/w\/d)<\/a><\/h4>\n                <p>Standort: #Bolzano\/Ibrido<\/p>\n                <p><a class=\"elementor-button-link elementor-button elementor-size-sm\" href=\"https:\/\/www.wuerth-it.it\/de\/job\/it-consultant-fuer-asset-service-management-dach-m-w-d\/\">ERFAHREN SIE MEHR<\/a><\/p>\n            <\/div><div class=\"job\">\n                <p><img decoding=\"async\" src=\"\"><\/p>\n                <h4><a href=\"https:\/\/www.wuerth-it.it\/de\/job\/search-platform-engineer\/\">Search Platform Engineer<\/a><\/h4>\n                <p>Standort: #Bozen\/Rom<\/p>\n                <p><a class=\"elementor-button-link elementor-button elementor-size-sm\" href=\"https:\/\/www.wuerth-it.it\/de\/job\/search-platform-engineer\/\">ERFAHREN SIE MEHR<\/a><\/p>\n            <\/div><div class=\"job\">\n                <p><img decoding=\"async\" src=\"https:\/\/www.wuerth-it.it\/wp-content\/uploads\/2023\/06\/it-development.png\"><\/p>\n                <h4><a href=\"https:\/\/www.wuerth-it.it\/de\/job\/senior-devops-engineer\/\">Senior DevOps Engineer<\/a><\/h4>\n                <p>Standort: #Bozen<\/p>\n                <p><a class=\"elementor-button-link elementor-button elementor-size-sm\" href=\"https:\/\/www.wuerth-it.it\/de\/job\/senior-devops-engineer\/\">ERFAHREN SIE MEHR<\/a><\/p>\n            <\/div><div class=\"job\">\n                <p><img decoding=\"async\" src=\"https:\/\/www.wuerth-it.it\/wp-content\/uploads\/2023\/06\/it-development.png\"><\/p>\n                <h4><a href=\"https:\/\/www.wuerth-it.it\/de\/job\/softwareentwickler-fullstack-developer-microsoftdynamics365-crm\/\">Full-Stack-Entwickler f\u00fcr Microsoft Dynamics 365 CRM-L\u00f6sungen (m\/w\/d)<\/a><\/h4>\n                <p>Standort: #Mailand<\/p>\n                <p><a class=\"elementor-button-link elementor-button elementor-size-sm\" href=\"https:\/\/www.wuerth-it.it\/de\/job\/softwareentwickler-fullstack-developer-microsoftdynamics365-crm\/\">ERFAHREN SIE MEHR<\/a><\/p>\n            <\/div><div class=\"job\">\n                <p><img decoding=\"async\" src=\"https:\/\/www.wuerth-it.it\/wp-content\/uploads\/2023\/06\/it-development.png\"><\/p>\n                <h4><a href=\"https:\/\/www.wuerth-it.it\/de\/job\/software-entwickler-speedy-sales-solutions\/\">Softwareentwickler Speedy Sales Solutions<\/a><\/h4>\n                <p>Standort: #Bozen<\/p>\n                <p><a class=\"elementor-button-link elementor-button elementor-size-sm\" href=\"https:\/\/www.wuerth-it.it\/de\/job\/software-entwickler-speedy-sales-solutions\/\">ERFAHREN SIE MEHR<\/a><\/p>\n            <\/div><div class=\"job\">\n                <p><img decoding=\"async\" src=\"https:\/\/www.wuerth-it.it\/wp-content\/uploads\/2023\/06\/it-development.png\"><\/p>\n                <h4><a href=\"https:\/\/www.wuerth-it.it\/de\/job\/sql-server-database-administrator-etl-ssis-azure\/\">SQL Server Datenbankadministrator &#8211; Speedy Sales Solutions (m\/w\/d)<\/a><\/h4>\n                <p>Standort: #Capena (Roma)<\/p>\n                <p><a class=\"elementor-button-link elementor-button elementor-size-sm\" href=\"https:\/\/www.wuerth-it.it\/de\/job\/sql-server-database-administrator-etl-ssis-azure\/\">ERFAHREN SIE MEHR<\/a><\/p>\n            <\/div><div class=\"job\">\n                <p><img decoding=\"async\" src=\"https:\/\/www.wuerth-it.it\/wp-content\/uploads\/2023\/06\/it-development.png\"><\/p>\n                <h4><a href=\"https:\/\/www.wuerth-it.it\/de\/job\/devops-engineer-frontend-vuejs\/\">DevOps Engineer mit Kenntnissen in Frontend (Vue.js) (m\/w\/d)<\/a><\/h4>\n                <p>Standort: #Bozen<\/p>\n                <p><a class=\"elementor-button-link elementor-button elementor-size-sm\" href=\"https:\/\/www.wuerth-it.it\/de\/job\/devops-engineer-frontend-vuejs\/\">ERFAHREN SIE MEHR<\/a><\/p>\n            <\/div><div class=\"job\">\n                <p><img decoding=\"async\" src=\"https:\/\/www.wuerth-it.it\/wp-content\/uploads\/2023\/06\/consulting.png\"><\/p>\n                <h4><a href=\"https:\/\/www.wuerth-it.it\/de\/job\/sap-crm-sales-service-consultant\/\">SAP CRM \/ Sales &#038; Service v2 Consultant (m\/w\/d)<\/a><\/h4>\n                <p>Standort: #Bozen<\/p>\n                <p><a class=\"elementor-button-link elementor-button elementor-size-sm\" href=\"https:\/\/www.wuerth-it.it\/de\/job\/sap-crm-sales-service-consultant\/\">ERFAHREN SIE MEHR<\/a><\/p>\n            <\/div><div class=\"job\">\n                <p><img decoding=\"async\" src=\"https:\/\/www.wuerth-it.it\/wp-content\/uploads\/2023\/06\/consulting.png\"><\/p>\n                <h4><a href=\"https:\/\/www.wuerth-it.it\/de\/job\/business-consultant-fuer-microsoft-dynamics-erp-loesung-m-w-d\/\">Business Consultant \u2013 Microsoft Dynamics 365 ERP-L\u00f6sungen (m\/w\/d)<\/a><\/h4>\n                <p>Standort: #Bozen<\/p>\n                <p><a class=\"elementor-button-link elementor-button elementor-size-sm\" href=\"https:\/\/www.wuerth-it.it\/de\/job\/business-consultant-fuer-microsoft-dynamics-erp-loesung-m-w-d\/\">ERFAHREN SIE MEHR<\/a><\/p>\n            <\/div><div class=\"job\">\n                <p><img decoding=\"async\" src=\"https:\/\/www.wuerth-it.it\/wp-content\/uploads\/2023\/06\/consulting.png\"><\/p>\n                <h4><a href=\"https:\/\/www.wuerth-it.it\/de\/job\/elastic-siem-consultant-area-dach\/\">Elastic SIEM Consultant \u2013 DACH m\/w\/d<\/a><\/h4>\n                <p>Standort: #Bozen<\/p>\n                <p><a class=\"elementor-button-link elementor-button elementor-size-sm\" href=\"https:\/\/www.wuerth-it.it\/de\/job\/elastic-siem-consultant-area-dach\/\">ERFAHREN SIE MEHR<\/a><\/p>\n            <\/div><div class=\"job\">\n                <p><img decoding=\"async\" src=\"https:\/\/www.wuerth-it.it\/wp-content\/uploads\/2023\/06\/consulting.png\"><\/p>\n                <h4><a href=\"https:\/\/www.wuerth-it.it\/de\/job\/security-information-event-management-siem-engineer\/\">Security Information &#038; Event Management (SIEM) Engineer<\/a><\/h4>\n                <p>Standort: #\u00dcberall<\/p>\n                <p><a class=\"elementor-button-link elementor-button elementor-size-sm\" href=\"https:\/\/www.wuerth-it.it\/de\/job\/security-information-event-management-siem-engineer\/\">ERFAHREN SIE MEHR<\/a><\/p>\n            <\/div><div class=\"job\">\n                <p><img decoding=\"async\" src=\"https:\/\/www.wuerth-it.it\/wp-content\/uploads\/2023\/06\/consulting.png\"><\/p>\n                <h4><a href=\"https:\/\/www.wuerth-it.it\/de\/job\/it-monitoring-solution-engineer-dach-m-w-d\/\">IT Monitoring Solution Engineer &#8211; DACH m\/w\/d<\/a><\/h4>\n                <p>Standort: #Bozen<\/p>\n                <p><a class=\"elementor-button-link elementor-button elementor-size-sm\" href=\"https:\/\/www.wuerth-it.it\/de\/job\/it-monitoring-solution-engineer-dach-m-w-d\/\">ERFAHREN SIE MEHR<\/a><\/p>\n            <\/div><div class=\"job\">\n                <p><img decoding=\"async\" src=\"https:\/\/www.wuerth-it.it\/wp-content\/uploads\/2023\/06\/consulting.png\"><\/p>\n                <h4><a href=\"https:\/\/www.wuerth-it.it\/de\/job\/customer-solution-engineer\/\">Customer Solution Engineer<\/a><\/h4>\n                <p>Standort: #Bozen<\/p>\n                <p><a class=\"elementor-button-link elementor-button elementor-size-sm\" href=\"https:\/\/www.wuerth-it.it\/de\/job\/customer-solution-engineer\/\">ERFAHREN SIE MEHR<\/a><\/p>\n            <\/div><div class=\"job\">\n                <p><img decoding=\"async\" src=\"https:\/\/www.wuerth-it.it\/wp-content\/uploads\/2023\/06\/consulting.png\"><\/p>\n                <h4><a href=\"https:\/\/www.wuerth-it.it\/de\/job\/karrierestart-im-it-consulting\/\">Karrierestart im IT-Consulting<\/a><\/h4>\n                <p>Standort: #Bozen<\/p>\n                <p><a class=\"elementor-button-link elementor-button elementor-size-sm\" href=\"https:\/\/www.wuerth-it.it\/de\/job\/karrierestart-im-it-consulting\/\">ERFAHREN SIE MEHR<\/a><\/p>\n            <\/div><div class=\"job\">\n                <p><img decoding=\"async\" src=\"https:\/\/www.wuerth-it.it\/wp-content\/uploads\/2023\/09\/cv-2.png\"><\/p>\n                <h4><a href=\"https:\/\/www.wuerth-it.it\/de\/job\/initiativbewerbung\/\">Initiativbewerbung<\/a><\/h4>\n                <p>Standort: #Bozen\/Rom\/Mailand<\/p>\n                <p><a class=\"elementor-button-link elementor-button elementor-size-sm\" href=\"https:\/\/www.wuerth-it.it\/de\/job\/initiativbewerbung\/\">ERFAHREN SIE MEHR<\/a><\/p>\n            <\/div><div class=\"job\">\n                <p><img decoding=\"async\" src=\"https:\/\/www.wuerth-it.it\/wp-content\/uploads\/2023\/09\/ico_stage.png\"><\/p>\n                <h4><a href=\"https:\/\/www.wuerth-it.it\/de\/job\/praktikum\/\">Praktikum<\/a><\/h4>\n                <p>Standort: #Bozen<\/p>\n                <p><a class=\"elementor-button-link elementor-button elementor-size-sm\" href=\"https:\/\/www.wuerth-it.it\/de\/job\/praktikum\/\">ERFAHREN SIE MEHR<\/a><\/p>\n            <\/div><\/div><\/div>\n\t\t\t\t\t\t<\/div>\n\t\t\t\t<\/div>\n\t\t\t\t\t<\/div>\n\t\t<\/div>\n\t\t\t\t\t<\/div>\n\t\t<\/section>\n\t\t\t\t<\/div>\n\t\t","protected":false},"excerpt":{"rendered":"<p>Offene Positionen Werde Teil unseres Teams. ENTDECKE DIE BESTE POSITION F\u00dcR DICH W\u00e4hle die f\u00fcr Dich passende Position, sende uns Deine Bewerbung und bringe Dich ein!<\/p>\n","protected":false},"author":2,"featured_media":0,"parent":0,"menu_order":0,"comment_status":"closed","ping_status":"closed","template":"elementor_theme","meta":{"footnotes":""},"class_list":["post-3418","page","type-page","status-publish","hentry"],"acf":[],"_links":{"self":[{"href":"https:\/\/www.wuerth-it.it\/de\/wp-json\/wp\/v2\/pages\/3418","targetHints":{"allow":["GET"]}}],"collection":[{"href":"https:\/\/www.wuerth-it.it\/de\/wp-json\/wp\/v2\/pages"}],"about":[{"href":"https:\/\/www.wuerth-it.it\/de\/wp-json\/wp\/v2\/types\/page"}],"author":[{"embeddable":true,"href":"https:\/\/www.wuerth-it.it\/de\/wp-json\/wp\/v2\/users\/2"}],"replies":[{"embeddable":true,"href":"https:\/\/www.wuerth-it.it\/de\/wp-json\/wp\/v2\/comments?post=3418"}],"version-history":[{"count":6,"href":"https:\/\/www.wuerth-it.it\/de\/wp-json\/wp\/v2\/pages\/3418\/revisions"}],"predecessor-version":[{"id":29396,"href":"https:\/\/www.wuerth-it.it\/de\/wp-json\/wp\/v2\/pages\/3418\/revisions\/29396"}],"wp:attachment":[{"href":"https:\/\/www.wuerth-it.it\/de\/wp-json\/wp\/v2\/media?parent=3418"}],"curies":[{"name":"wp","href":"https:\/\/api.w.org\/{rel}","templated":true}]}}