{"id":6963,"date":"2023-06-28T08:25:34","date_gmt":"2023-06-28T06:25:34","guid":{"rendered":"https:\/\/www.wuerth-phoenix.com\/our-people\/"},"modified":"2026-02-05T15:11:05","modified_gmt":"2026-02-05T14:11:05","slug":"menschen","status":"publish","type":"page","link":"https:\/\/www.wuerth-it.it\/de\/menschen\/","title":{"rendered":"Unsere Mitarbeiter"},"content":{"rendered":"\t\t<div data-elementor-type=\"wp-page\" data-elementor-id=\"6963\" class=\"elementor elementor-6963 elementor-1033\" data-elementor-post-type=\"page\">\n\t\t\t\t\t\t<section class=\"elementor-section elementor-top-section elementor-element elementor-element-2372ac4e intro-section elementor-section-boxed elementor-section-height-default elementor-section-height-default\" data-id=\"2372ac4e\" data-element_type=\"section\" data-e-type=\"section\" data-settings=\"{&quot;background_background&quot;:&quot;classic&quot;}\">\n\t\t\t\t\t\t\t<div class=\"elementor-background-overlay\"><\/div>\n\t\t\t\t\t\t\t<div class=\"elementor-container elementor-column-gap-default\">\n\t\t\t\t\t<div class=\"elementor-column elementor-col-50 elementor-top-column elementor-element elementor-element-5d0314fe\" data-id=\"5d0314fe\" data-element_type=\"column\" data-e-type=\"column\">\n\t\t\t<div class=\"elementor-widget-wrap elementor-element-populated\">\n\t\t\t\t\t\t<div class=\"elementor-element elementor-element-6a4de4c9 elementor-widget elementor-widget-heading\" data-id=\"6a4de4c9\" data-element_type=\"widget\" data-e-type=\"widget\" data-widget_type=\"heading.default\">\n\t\t\t\t<div class=\"elementor-widget-container\">\n\t\t\t\t\t<h1 class=\"elementor-heading-title elementor-size-default\">Unsere Mitarbeiter<\/h1>\t\t\t\t<\/div>\n\t\t\t\t<\/div>\n\t\t\t\t<div class=\"elementor-element elementor-element-1602580e elementor-widget elementor-widget-text-editor\" data-id=\"1602580e\" data-element_type=\"widget\" data-e-type=\"widget\" data-widget_type=\"text-editor.default\">\n\t\t\t\t<div class=\"elementor-widget-container\">\n\t\t\t\t\t\t\t\t\t<p>Die Kraft, die uns antreibt<\/p>\t\t\t\t\t\t\t\t<\/div>\n\t\t\t\t<\/div>\n\t\t\t\t\t<\/div>\n\t\t<\/div>\n\t\t\t\t<div class=\"elementor-column elementor-col-50 elementor-top-column elementor-element elementor-element-4346f434\" data-id=\"4346f434\" data-element_type=\"column\" data-e-type=\"column\">\n\t\t\t<div class=\"elementor-widget-wrap\">\n\t\t\t\t\t\t\t<\/div>\n\t\t<\/div>\n\t\t\t\t\t<\/div>\n\t\t<\/section>\n\t\t\t\t<section class=\"elementor-section elementor-top-section elementor-element elementor-element-36273e35 padding-top elementor-section-boxed elementor-section-height-default elementor-section-height-default\" data-id=\"36273e35\" data-element_type=\"section\" data-e-type=\"section\">\n\t\t\t\t\t\t<div class=\"elementor-container elementor-column-gap-default\">\n\t\t\t\t\t<div class=\"elementor-column elementor-col-33 elementor-top-column elementor-element elementor-element-164f80f8\" data-id=\"164f80f8\" data-element_type=\"column\" data-e-type=\"column\">\n\t\t\t<div class=\"elementor-widget-wrap\">\n\t\t\t\t\t\t\t<\/div>\n\t\t<\/div>\n\t\t\t\t<div class=\"elementor-column elementor-col-33 elementor-top-column elementor-element elementor-element-34ff0a27\" data-id=\"34ff0a27\" data-element_type=\"column\" data-e-type=\"column\">\n\t\t\t<div class=\"elementor-widget-wrap elementor-element-populated\">\n\t\t\t\t\t\t<div class=\"elementor-element elementor-element-70d45249 elementor-widget elementor-widget-heading\" data-id=\"70d45249\" data-element_type=\"widget\" data-e-type=\"widget\" data-widget_type=\"heading.default\">\n\t\t\t\t<div class=\"elementor-widget-container\">\n\t\t\t\t\t<h2 class=\"elementor-heading-title elementor-size-default\">Wir sind leistungsorientiert, arbeiten an Erfolgsergebnissen, doch in erster Linie sind wir Menschen \u2013<\/h2>\t\t\t\t<\/div>\n\t\t\t\t<\/div>\n\t\t\t\t<div class=\"elementor-element elementor-element-f7069a2 elementor-widget elementor-widget-text-editor\" data-id=\"f7069a2\" data-element_type=\"widget\" data-e-type=\"widget\" data-widget_type=\"text-editor.default\">\n\t\t\t\t<div class=\"elementor-widget-container\">\n\t\t\t\t\t\t\t\t\t<h1 style=\"text-align: center;\">mit eigenen Geschichten, Lebenswegen, Herausforderungen und Zielen.<\/h1>\t\t\t\t\t\t\t\t<\/div>\n\t\t\t\t<\/div>\n\t\t\t\t<div class=\"elementor-element elementor-element-611a4497 elementor-widget elementor-widget-text-editor\" data-id=\"611a4497\" data-element_type=\"widget\" data-e-type=\"widget\" data-widget_type=\"text-editor.default\">\n\t\t\t\t<div class=\"elementor-widget-container\">\n\t\t\t\t\t\t\t\t\t<p>Unser Bestreben ist es, unsere Mitarbeiter stets zu inspirieren und zu f\u00f6rdern, damit aus euren Geschichten\u00a0<span style=\"color: var( --e-global-color-text ); font-family: var( --e-global-typography-text-font-family ), Sans-serif; font-size: var( --e-global-typography-text-font-size ); font-weight: var( --e-global-typography-text-font-weight );\">wahre Erfolgsgeschichten werden!<\/span><\/p>\t\t\t\t\t\t\t\t<\/div>\n\t\t\t\t<\/div>\n\t\t\t\t\t<\/div>\n\t\t<\/div>\n\t\t\t\t<div class=\"elementor-column elementor-col-33 elementor-top-column elementor-element elementor-element-25b532fc\" data-id=\"25b532fc\" data-element_type=\"column\" data-e-type=\"column\">\n\t\t\t<div class=\"elementor-widget-wrap\">\n\t\t\t\t\t\t\t<\/div>\n\t\t<\/div>\n\t\t\t\t\t<\/div>\n\t\t<\/section>\n\t\t\t\t<section class=\"elementor-section elementor-top-section elementor-element elementor-element-6235af4 elementor-section-boxed elementor-section-height-default elementor-section-height-default\" data-id=\"6235af4\" data-element_type=\"section\" data-e-type=\"section\">\n\t\t\t\t\t\t<div class=\"elementor-container elementor-column-gap-default\">\n\t\t\t\t\t<div class=\"elementor-column elementor-col-100 elementor-top-column elementor-element elementor-element-922f7ab\" data-id=\"922f7ab\" data-element_type=\"column\" data-e-type=\"column\">\n\t\t\t<div class=\"elementor-widget-wrap elementor-element-populated\">\n\t\t\t\t\t\t<div class=\"elementor-element elementor-element-15995fb elementor-widget elementor-widget-heading\" data-id=\"15995fb\" data-element_type=\"widget\" data-e-type=\"widget\" data-widget_type=\"heading.default\">\n\t\t\t\t<div class=\"elementor-widget-container\">\n\t\t\t\t\t<div class=\"elementor-heading-title elementor-size-large\">Unsere Initiativen<\/div>\t\t\t\t<\/div>\n\t\t\t\t<\/div>\n\t\t\t\t\t<\/div>\n\t\t<\/div>\n\t\t\t\t\t<\/div>\n\t\t<\/section>\n\t\t\t\t<section class=\"elementor-section elementor-top-section elementor-element elementor-element-4f04cf1 elementor-section-content-middle padding-bottom elementor-section-boxed elementor-section-height-default elementor-section-height-default\" data-id=\"4f04cf1\" data-element_type=\"section\" data-e-type=\"section\">\n\t\t\t\t\t\t<div class=\"elementor-container elementor-column-gap-default\">\n\t\t\t\t\t<div class=\"elementor-column elementor-col-50 elementor-top-column elementor-element elementor-element-436e957\" data-id=\"436e957\" data-element_type=\"column\" data-e-type=\"column\">\n\t\t\t<div class=\"elementor-widget-wrap elementor-element-populated\">\n\t\t\t\t\t\t<div class=\"elementor-element elementor-element-e614dc1 image-shadow elementor-widget elementor-widget-image\" data-id=\"e614dc1\" data-element_type=\"widget\" data-e-type=\"widget\" data-widget_type=\"image.default\">\n\t\t\t\t<div class=\"elementor-widget-container\">\n\t\t\t\t\t\t\t\t\t\t\t\t\t\t\t<img fetchpriority=\"high\" decoding=\"async\" width=\"1024\" height=\"683\" src=\"https:\/\/www.wuerth-it.it\/wp-content\/uploads\/2023\/09\/Milano-new-offices-01.2023-19-1024x683.jpg\" class=\"attachment-large size-large wp-image-7073\" alt=\"\" srcset=\"https:\/\/www.wuerth-it.it\/wp-content\/uploads\/2023\/09\/Milano-new-offices-01.2023-19-1024x683.jpg 1024w, https:\/\/www.wuerth-it.it\/wp-content\/uploads\/2023\/09\/Milano-new-offices-01.2023-19-300x200.jpg 300w, https:\/\/www.wuerth-it.it\/wp-content\/uploads\/2023\/09\/Milano-new-offices-01.2023-19-768x512.jpg 768w, https:\/\/www.wuerth-it.it\/wp-content\/uploads\/2023\/09\/Milano-new-offices-01.2023-19-1536x1024.jpg 1536w, https:\/\/www.wuerth-it.it\/wp-content\/uploads\/2023\/09\/Milano-new-offices-01.2023-19-scaled.jpg 2048w\" sizes=\"(max-width: 1024px) 100vw, 1024px\" \/>\t\t\t\t\t\t\t\t\t\t\t\t\t\t\t<\/div>\n\t\t\t\t<\/div>\n\t\t\t\t\t<\/div>\n\t\t<\/div>\n\t\t\t\t<div class=\"elementor-column elementor-col-50 elementor-top-column elementor-element elementor-element-6c39fd1\" data-id=\"6c39fd1\" data-element_type=\"column\" data-e-type=\"column\">\n\t\t\t<div class=\"elementor-widget-wrap elementor-element-populated\">\n\t\t\t\t\t\t<div class=\"elementor-element elementor-element-929d8e5 elementor-widget elementor-widget-text-editor\" data-id=\"929d8e5\" data-element_type=\"widget\" data-e-type=\"widget\" data-widget_type=\"text-editor.default\">\n\t\t\t\t<div class=\"elementor-widget-container\">\n\t\t\t\t\t\t\t\t\t<h3 class=\"no-margin-bottom\">Fun &amp;<\/h3>\n<h4>Team Spirit<\/h4>\n<p>F\u00fcr uns ist es wichtig, die Beziehungen zwischen den Mitarbeitern zu f\u00f6rdern, und deshalb d\u00fcrfen gemeinsame Momente nicht fehlen. Das ganze Jahr \u00fcber organisiert unser &#8222;Cultural Team&#8220; zahlreiche Veranstaltungen f\u00fcr alle Mitarbeiter, wie z.B. sportliche Aktivit\u00e4ten, informelle Abendessen, kulturelle Besichtigungen, Kicker- und Beachvolleyball-Turniere&#8230; Kurz gesagt, es wird bei uns nie langweilig!<\/p>\n\t\t\t\t\t\t\t\t<\/div>\n\t\t\t\t<\/div>\n\t\t\t\t\t<\/div>\n\t\t<\/div>\n\t\t\t\t\t<\/div>\n\t\t<\/section>\n\t\t\t\t<section class=\"elementor-section elementor-top-section elementor-element elementor-element-2b58ae6 padding-bottom elementor-section-content-middle elementor-reverse-mobile elementor-section-boxed elementor-section-height-default elementor-section-height-default\" data-id=\"2b58ae6\" data-element_type=\"section\" data-e-type=\"section\">\n\t\t\t\t\t\t<div class=\"elementor-container elementor-column-gap-default\">\n\t\t\t\t\t<div class=\"elementor-column elementor-col-50 elementor-top-column elementor-element elementor-element-c979751\" data-id=\"c979751\" data-element_type=\"column\" data-e-type=\"column\">\n\t\t\t<div class=\"elementor-widget-wrap elementor-element-populated\">\n\t\t\t\t\t\t<div class=\"elementor-element elementor-element-d47670a elementor-widget elementor-widget-text-editor\" data-id=\"d47670a\" data-element_type=\"widget\" data-e-type=\"widget\" data-widget_type=\"text-editor.default\">\n\t\t\t\t<div class=\"elementor-widget-container\">\n\t\t\t\t\t\t\t\t\t<h3 class=\"no-margin-bottom\">After work<\/h3><h4>talks!<\/h4><p>Eine Serie von lockeren Treffen nach einem arbeitsreichen Tag, bei denen es um den pers\u00f6nlichen Wohlf\u00fchlfaktor geht. Hier kannst du in chilliger Atmosph\u00e4re Kollegen kennenlernen, entspannen und zwanglose Gespr\u00e4che f\u00fchren.<\/p>\t\t\t\t\t\t\t\t<\/div>\n\t\t\t\t<\/div>\n\t\t\t\t\t<\/div>\n\t\t<\/div>\n\t\t\t\t<div class=\"elementor-column elementor-col-50 elementor-top-column elementor-element elementor-element-81041fc\" data-id=\"81041fc\" data-element_type=\"column\" data-e-type=\"column\">\n\t\t\t<div class=\"elementor-widget-wrap elementor-element-populated\">\n\t\t\t\t\t\t<div class=\"elementor-element elementor-element-5895b08 image-shadow elementor-widget elementor-widget-image\" data-id=\"5895b08\" data-element_type=\"widget\" data-e-type=\"widget\" data-widget_type=\"image.default\">\n\t\t\t\t<div class=\"elementor-widget-container\">\n\t\t\t\t\t\t\t\t\t\t\t\t\t\t\t<img decoding=\"async\" width=\"1024\" height=\"768\" src=\"https:\/\/www.wuerth-it.it\/wp-content\/uploads\/2023\/09\/P5180130-1024x768.jpg\" class=\"attachment-large size-large wp-image-7080\" alt=\"\" srcset=\"https:\/\/www.wuerth-it.it\/wp-content\/uploads\/2023\/09\/P5180130-1024x768.jpg 1024w, https:\/\/www.wuerth-it.it\/wp-content\/uploads\/2023\/09\/P5180130-300x225.jpg 300w, https:\/\/www.wuerth-it.it\/wp-content\/uploads\/2023\/09\/P5180130-768x576.jpg 768w, https:\/\/www.wuerth-it.it\/wp-content\/uploads\/2023\/09\/P5180130-1536x1152.jpg 1536w, https:\/\/www.wuerth-it.it\/wp-content\/uploads\/2023\/09\/P5180130-scaled.jpg 2048w\" sizes=\"(max-width: 1024px) 100vw, 1024px\" \/>\t\t\t\t\t\t\t\t\t\t\t\t\t\t\t<\/div>\n\t\t\t\t<\/div>\n\t\t\t\t\t<\/div>\n\t\t<\/div>\n\t\t\t\t\t<\/div>\n\t\t<\/section>\n\t\t\t\t<section class=\"elementor-section elementor-top-section elementor-element elementor-element-415415c elementor-section-content-middle padding-bottom elementor-section-boxed elementor-section-height-default elementor-section-height-default\" data-id=\"415415c\" data-element_type=\"section\" data-e-type=\"section\">\n\t\t\t\t\t\t<div class=\"elementor-container elementor-column-gap-default\">\n\t\t\t\t\t<div class=\"elementor-column elementor-col-50 elementor-top-column elementor-element elementor-element-96c6898\" data-id=\"96c6898\" data-element_type=\"column\" data-e-type=\"column\">\n\t\t\t<div class=\"elementor-widget-wrap elementor-element-populated\">\n\t\t\t\t\t\t<div class=\"elementor-element elementor-element-5162f30 image-shadow elementor-widget elementor-widget-image\" data-id=\"5162f30\" data-element_type=\"widget\" data-e-type=\"widget\" data-widget_type=\"image.default\">\n\t\t\t\t<div class=\"elementor-widget-container\">\n\t\t\t\t\t\t\t\t\t\t\t\t\t\t\t<img decoding=\"async\" width=\"1024\" height=\"768\" src=\"https:\/\/www.wuerth-it.it\/wp-content\/uploads\/2026\/02\/P9270016-1024x768.jpg\" class=\"attachment-large size-large wp-image-29214\" alt=\"\" srcset=\"https:\/\/www.wuerth-it.it\/wp-content\/uploads\/2026\/02\/P9270016-1024x768.jpg 1024w, https:\/\/www.wuerth-it.it\/wp-content\/uploads\/2026\/02\/P9270016-300x225.jpg 300w, https:\/\/www.wuerth-it.it\/wp-content\/uploads\/2026\/02\/P9270016-768x576.jpg 768w, https:\/\/www.wuerth-it.it\/wp-content\/uploads\/2026\/02\/P9270016-1536x1152.jpg 1536w, https:\/\/www.wuerth-it.it\/wp-content\/uploads\/2026\/02\/P9270016-2048x1536.jpg 2048w\" sizes=\"(max-width: 1024px) 100vw, 1024px\" \/>\t\t\t\t\t\t\t\t\t\t\t\t\t\t\t<\/div>\n\t\t\t\t<\/div>\n\t\t\t\t\t<\/div>\n\t\t<\/div>\n\t\t\t\t<div class=\"elementor-column elementor-col-50 elementor-top-column elementor-element elementor-element-f825867\" data-id=\"f825867\" data-element_type=\"column\" data-e-type=\"column\">\n\t\t\t<div class=\"elementor-widget-wrap elementor-element-populated\">\n\t\t\t\t\t\t<div class=\"elementor-element elementor-element-18b7716 elementor-widget elementor-widget-text-editor\" data-id=\"18b7716\" data-element_type=\"widget\" data-e-type=\"widget\" data-widget_type=\"text-editor.default\">\n\t\t\t\t<div class=\"elementor-widget-container\">\n\t\t\t\t\t\t\t\t\t<h3 class=\"no-margin-bottom\">Happiness<\/h3>\n<h4>Officers<\/h4>\n<p>Ja! Bei W\u00fcrth Phoenix haben wir nicht nur einen, sondern gleich zwei Happiness Officers, die daf\u00fcr sorgen, dass dein Feelgood-Faktor stets nach oben zeigt! Die Happiness Officers sind verantwortlich f\u00fcr die Schaffung eines positiven und anregenden Arbeitsumfelds, das das Wohlbefinden und die Zufriedenheit der Mitarbeiter f\u00f6rdert, und tragen so ma\u00dfgeblich zu einer gesunden und erf\u00fcllenden Unternehmenskultur bei.<\/p>\t\t\t\t\t\t\t\t<\/div>\n\t\t\t\t<\/div>\n\t\t\t\t\t<\/div>\n\t\t<\/div>\n\t\t\t\t\t<\/div>\n\t\t<\/section>\n\t\t\t\t<section class=\"elementor-section elementor-top-section elementor-element elementor-element-3d97f78 top-gray-wave elementor-section-boxed elementor-section-height-default elementor-section-height-default\" data-id=\"3d97f78\" data-element_type=\"section\" data-e-type=\"section\" data-settings=\"{&quot;background_background&quot;:&quot;classic&quot;}\">\n\t\t\t\t\t\t<div class=\"elementor-container elementor-column-gap-default\">\n\t\t\t\t\t<div class=\"elementor-column elementor-col-100 elementor-top-column elementor-element elementor-element-db4788c\" data-id=\"db4788c\" data-element_type=\"column\" data-e-type=\"column\">\n\t\t\t<div class=\"elementor-widget-wrap elementor-element-populated\">\n\t\t\t\t\t\t<div class=\"elementor-element elementor-element-4df2d2e7 elementor-widget elementor-widget-text-editor\" data-id=\"4df2d2e7\" data-element_type=\"widget\" data-e-type=\"widget\" data-widget_type=\"text-editor.default\">\n\t\t\t\t<div class=\"elementor-widget-container\">\n\t\t\t\t\t\t\t\t\t<h4 class=\"no-margin-bottom\">Entdecken Sie unsere offenen Stellen und finden Sie Ihren Traumjob!<\/h4>\n\t\t\t\t\t\t\t\t<\/div>\n\t\t\t\t<\/div>\n\t\t\t\t\t<\/div>\n\t\t<\/div>\n\t\t\t\t\t<\/div>\n\t\t<\/section>\n\t\t\t\t<section class=\"elementor-section elementor-top-section elementor-element elementor-element-80c6679 padding-top padding-bottom elementor-section-boxed elementor-section-height-default elementor-section-height-default\" data-id=\"80c6679\" data-element_type=\"section\" data-e-type=\"section\" data-settings=\"{&quot;background_background&quot;:&quot;classic&quot;}\">\n\t\t\t\t\t\t<div class=\"elementor-container elementor-column-gap-default\">\n\t\t\t\t\t<div class=\"elementor-column elementor-col-100 elementor-top-column elementor-element elementor-element-def6260\" data-id=\"def6260\" data-element_type=\"column\" data-e-type=\"column\">\n\t\t\t<div class=\"elementor-widget-wrap elementor-element-populated\">\n\t\t\t\t\t\t<div class=\"elementor-element elementor-element-b998e4a elementor-widget elementor-widget-shortcode\" data-id=\"b998e4a\" data-element_type=\"widget\" data-e-type=\"widget\" data-widget_type=\"shortcode.default\">\n\t\t\t\t<div class=\"elementor-widget-container\">\n\t\t\t\t\t\t\t<div class=\"elementor-shortcode\"><div class=\"job-categories\"><div class=\"job-category\">\n            <p><img decoding=\"async\" src=\"https:\/\/www.wuerth-it.it\/wp-content\/uploads\/2023\/09\/ico_stage.png\"><\/p>\n            <h4><a href=\"\/en\/working-position\/?job_cat=93\">Praktikum<\/a><\/h4>\n            <p><\/p>\n            <p><a class=\"elementor-button-link elementor-button elementor-size-sm\" href=\"\/en\/working-position\/?job_cat=93\">Offene Stelle<\/a><\/p>\n        <\/div><div class=\"job-category\">\n            <p><img decoding=\"async\" src=\"https:\/\/www.wuerth-it.it\/wp-content\/uploads\/2023\/06\/consulting.png\"><\/p>\n            <h4><a href=\"\/en\/working-position\/?job_cat=94\">Consulting<\/a><\/h4>\n            <p><\/p>\n            <p><a class=\"elementor-button-link elementor-button elementor-size-sm\" href=\"\/en\/working-position\/?job_cat=94\">Offene Stelle<\/a><\/p>\n        <\/div><div class=\"job-category\">\n            <p><img decoding=\"async\" src=\"https:\/\/www.wuerth-it.it\/wp-content\/uploads\/2023\/06\/finance-organization.png\"><\/p>\n            <h4><a href=\"\/en\/working-position\/?job_cat=95\">Corporate<\/a><\/h4>\n            <p><\/p>\n            <p><a class=\"elementor-button-link elementor-button elementor-size-sm\" href=\"\/en\/working-position\/?job_cat=95\">Offene Stelle<\/a><\/p>\n        <\/div><div class=\"job-category\">\n            <p><img decoding=\"async\" src=\"https:\/\/www.wuerth-it.it\/wp-content\/uploads\/2023\/06\/it-development.png\"><\/p>\n            <h4><a href=\"\/en\/working-position\/?job_cat=96\">R&amp;D<\/a><\/h4>\n            <p><\/p>\n            <p><a class=\"elementor-button-link elementor-button elementor-size-sm\" href=\"\/en\/working-position\/?job_cat=96\">Offene Stelle<\/a><\/p>\n        <\/div><div class=\"job-category\">\n            <p><img decoding=\"async\" src=\"https:\/\/www.wuerth-it.it\/wp-content\/uploads\/2023\/06\/sales.png\"><\/p>\n            <h4><a href=\"\/en\/working-position\/?job_cat=97\">Sales &amp; Marketing<\/a><\/h4>\n            <p><\/p>\n            <p><a class=\"elementor-button-link elementor-button elementor-size-sm\" href=\"\/en\/working-position\/?job_cat=97\">Offene Stelle<\/a><\/p>\n        <\/div><div class=\"job-category\">\n            <p><img decoding=\"async\" src=\"https:\/\/www.wuerth-it.it\/wp-content\/uploads\/2023\/09\/cv-2.png\"><\/p>\n            <h4><a href=\"\/en\/working-position\/?job_cat=104\">Initiativbewerbung<\/a><\/h4>\n            <p><\/p>\n            <p><a class=\"elementor-button-link elementor-button elementor-size-sm\" href=\"\/en\/working-position\/?job_cat=104\">Offene Stelle<\/a><\/p>\n        <\/div><\/div><\/div>\n\t\t\t\t\t\t<\/div>\n\t\t\t\t<\/div>\n\t\t\t\t\t<\/div>\n\t\t<\/div>\n\t\t\t\t\t<\/div>\n\t\t<\/section>\n\t\t\t\t<\/div>\n\t\t","protected":false},"excerpt":{"rendered":"<p>Unsere Mitarbeiter Die Kraft, die uns antreibt Wir sind leistungsorientiert, arbeiten an Erfolgsergebnissen, doch in erster Linie sind wir Menschen \u2013 mit eigenen Geschichten, Lebenswegen, Herausforderungen und Zielen. Unser Bestreben ist es, unsere Mitarbeiter stets zu inspirieren und zu f\u00f6rdern, damit aus euren Geschichten\u00a0wahre Erfolgsgeschichten werden! Unsere Initiativen Fun &amp; Team Spirit F\u00fcr uns ist [&hellip;]<\/p>\n","protected":false},"author":2,"featured_media":0,"parent":0,"menu_order":0,"comment_status":"closed","ping_status":"closed","template":"elementor_theme","meta":{"footnotes":""},"class_list":["post-6963","page","type-page","status-publish","hentry"],"acf":[],"_links":{"self":[{"href":"https:\/\/www.wuerth-it.it\/de\/wp-json\/wp\/v2\/pages\/6963","targetHints":{"allow":["GET"]}}],"collection":[{"href":"https:\/\/www.wuerth-it.it\/de\/wp-json\/wp\/v2\/pages"}],"about":[{"href":"https:\/\/www.wuerth-it.it\/de\/wp-json\/wp\/v2\/types\/page"}],"author":[{"embeddable":true,"href":"https:\/\/www.wuerth-it.it\/de\/wp-json\/wp\/v2\/users\/2"}],"replies":[{"embeddable":true,"href":"https:\/\/www.wuerth-it.it\/de\/wp-json\/wp\/v2\/comments?post=6963"}],"version-history":[{"count":12,"href":"https:\/\/www.wuerth-it.it\/de\/wp-json\/wp\/v2\/pages\/6963\/revisions"}],"predecessor-version":[{"id":29226,"href":"https:\/\/www.wuerth-it.it\/de\/wp-json\/wp\/v2\/pages\/6963\/revisions\/29226"}],"wp:attachment":[{"href":"https:\/\/www.wuerth-it.it\/de\/wp-json\/wp\/v2\/media?parent=6963"}],"curies":[{"name":"wp","href":"https:\/\/api.w.org\/{rel}","templated":true}]}}